{"id":5195,"date":"2025-03-28T16:07:03","date_gmt":"2025-03-28T15:07:03","guid":{"rendered":"https:\/\/victoriaarduino.com\/vergleichen\/"},"modified":"2025-06-23T10:49:42","modified_gmt":"2025-06-23T08:49:42","slug":"vergleichen","status":"publish","type":"page","link":"https:\/\/victoriaarduino.com\/de\/vergleichen\/","title":{"rendered":"Vergleichen Sie"},"content":{"rendered":"","protected":false},"excerpt":{"rendered":"","protected":false},"author":1,"featured_media":0,"parent":0,"menu_order":0,"comment_status":"closed","ping_status":"closed","template":"templates\/compare.php","meta":{"_acf_changed":false,"inline_featured_image":false},"class_list":["post-5195","page","type-page","status-publish","hentry"],"acf":{"header_style":"transparent","header_mode":"default","compare_hero_video":{"ID":5465,"id":5465,"title":"VA-ATTERRAGGIO-WEBSITE (1)","filename":"VA-ATTERRAGGIO-WEBSITE-1.mp4","filesize":4734084,"url":"https:\/\/victoriaarduino.com\/wp-content\/uploads\/2025\/03\/VA-ATTERRAGGIO-WEBSITE-1.mp4","link":"https:\/\/victoriaarduino.com\/de\/startseite\/va-atterraggio-website-1-2\/","alt":"","author":"1","description":"","caption":"","name":"va-atterraggio-website-1-2","status":"inherit","uploaded_to":5463,"date":"2025-03-05 09:51:57","modified":"2025-03-05 09:51:57","menu_order":0,"mime_type":"video\/mp4","type":"video","subtype":"mp4","icon":"https:\/\/victoriaarduino.com\/wp-includes\/images\/media\/video.png","width":1080,"height":1350},"compare_hero_img":{"ID":6573,"id":6573,"title":"Screenshot 2025-03-03 at 17.47.35@2x","filename":"Screenshot-2025-03-03-at-17.47.35@2x.webp","filesize":47546,"url":"https:\/\/victoriaarduino.com\/wp-content\/uploads\/2025\/03\/Screenshot-2025-03-03-at-17.47.35@2x.webp","link":"https:\/\/victoriaarduino.com\/de\/products-machines\/black-eagle-va388\/screenshot-2025-03-03-at-17-47-352x-2\/","alt":"","author":"1","description":"","caption":"","name":"screenshot-2025-03-03-at-17-47-352x-2","status":"inherit","uploaded_to":6559,"date":"2025-03-27 09:17:08","modified":"2025-03-27 09:17:08","menu_order":0,"mime_type":"image\/webp","type":"image","subtype":"webp","icon":"https:\/\/victoriaarduino.com\/wp-includes\/images\/media\/default.png","width":1440,"height":824,"sizes":{"thumbnail":"https:\/\/victoriaarduino.com\/wp-content\/uploads\/2025\/03\/Screenshot-2025-03-03-at-17.47.35@2x-150x150.webp","thumbnail-width":150,"thumbnail-height":150,"medium":"https:\/\/victoriaarduino.com\/wp-content\/uploads\/2025\/03\/Screenshot-2025-03-03-at-17.47.35@2x-300x172.webp","medium-width":300,"medium-height":172,"medium_large":"https:\/\/victoriaarduino.com\/wp-content\/uploads\/2025\/03\/Screenshot-2025-03-03-at-17.47.35@2x-768x439.webp","medium_large-width":768,"medium_large-height":439,"large":"https:\/\/victoriaarduino.com\/wp-content\/uploads\/2025\/03\/Screenshot-2025-03-03-at-17.47.35@2x-1024x586.webp","large-width":1024,"large-height":586,"1536x1536":"https:\/\/victoriaarduino.com\/wp-content\/uploads\/2025\/03\/Screenshot-2025-03-03-at-17.47.35@2x.webp","1536x1536-width":1440,"1536x1536-height":824,"2048x2048":"https:\/\/victoriaarduino.com\/wp-content\/uploads\/2025\/03\/Screenshot-2025-03-03-at-17.47.35@2x.webp","2048x2048-width":1440,"2048x2048-height":824}},"compare_hero_subtitle":"ZEITLOSE LEIDENSCHAFT","compare_hero_title":"Ikonische Produkte","compare_products_title":"Wo Helden geboren werden","compare_products_description":"<p><strong>Die alte Kunst des Kaffees lebt in unseren Maschinen weiter.<\/strong><\/p>\n<div class=\"comment-li-wrapper _35x2ayZAjh7TZ365Wfcs88\" data-testid=\"comment-li-wrapper\">\n<div id=\"\/assets\/urn:aaid:sc:US:e40e5206-8c5a-408d-bb66-f1d7b1dea735\/annots\/e8c80014-95a3-40ae-83b2-405b2d645711\" class=\"comment-wrapper\" role=\"comment\">\n<div class=\"comment-content-wrapper\">\n<div class=\"row\">\n<div class=\"comment-text-controls-container\">\n<div class=\"comment-text\">\n<div>Geschmiedet, um zu f\u00fchren, und entworfen, um zu inspirieren, verk\u00f6rpern unsere Heroic Products den Geist der Innovation und zeitlosen Exzellenz. Unsere Maschinen verschieben die Grenzen und zeigen, was in der Kunst der Kaffeezubereitung wirklich m\u00f6glich ist.   <\/div>\n<\/div>\n<\/div>\n<\/div>\n<\/div>\n<\/div>\n<\/div>\n","compare_products_link":{"title":"Schleifmaschinen vergleichen","url":"https:\/\/victoriaarduino.com\/products-machines\/mythos\/","target":""},"compare_banner_section_title":"HERITAGE","compare_banner_title":"Diese au\u00dfergew\u00f6hnlichen Kreationen spiegeln ein Erbe der Innovation und des vision\u00e4ren Geistes wider, das es zu entdecken gilt.","compare_banner_img":{"ID":6802,"id":6802,"title":"sustainability","filename":"sustainability.jpg","filesize":704189,"url":"https:\/\/victoriaarduino.com\/wp-content\/uploads\/2025\/03\/sustainability.jpg","link":"https:\/\/victoriaarduino.com\/de\/products-machines\/eagle-tempo\/sustainability-8\/","alt":"","author":"1","description":"","caption":"","name":"sustainability-8","status":"inherit","uploaded_to":6782,"date":"2025-04-02 14:02:31","modified":"2025-04-02 14:02:31","menu_order":0,"mime_type":"image\/jpeg","type":"image","subtype":"jpeg","icon":"https:\/\/victoriaarduino.com\/wp-includes\/images\/media\/default.png","width":1080,"height":848,"sizes":{"thumbnail":"https:\/\/victoriaarduino.com\/wp-content\/uploads\/2025\/03\/sustainability-150x150.jpg","thumbnail-width":150,"thumbnail-height":150,"medium":"https:\/\/victoriaarduino.com\/wp-content\/uploads\/2025\/03\/sustainability-300x236.jpg","medium-width":300,"medium-height":236,"medium_large":"https:\/\/victoriaarduino.com\/wp-content\/uploads\/2025\/03\/sustainability-768x603.jpg","medium_large-width":768,"medium_large-height":603,"large":"https:\/\/victoriaarduino.com\/wp-content\/uploads\/2025\/03\/sustainability-1024x804.jpg","large-width":1024,"large-height":804,"1536x1536":"https:\/\/victoriaarduino.com\/wp-content\/uploads\/2025\/03\/sustainability.jpg","1536x1536-width":1080,"1536x1536-height":848,"2048x2048":"https:\/\/victoriaarduino.com\/wp-content\/uploads\/2025\/03\/sustainability.jpg","2048x2048-width":1080,"2048x2048-height":848}}},"yoast_head":"<!-- This site is optimized with the Yoast SEO plugin v27.4 - https:\/\/yoast.com\/product\/yoast-seo-wordpress\/ -->\n<title>Vergleichen Sie - Victoria Arduino<\/title>\n<meta name=\"description\" content=\"Vergleichen Sie die kultigen Produkte von Victoria Arduino und lassen Sie sich von ihrer Exzellenz mitrei\u00dfen!\" \/>\n<meta name=\"robots\" content=\"index, follow, max-snippet:-1, max-image-preview:large, max-video-preview:-1\" \/>\n<link rel=\"canonical\" href=\"https:\/\/victoriaarduino.com\/de\/vergleichen\/\" \/>\n<meta property=\"og:locale\" content=\"de_DE\" \/>\n<meta property=\"og:type\" content=\"article\" \/>\n<meta property=\"og:title\" content=\"Vergleichen Sie - Victoria Arduino\" \/>\n<meta property=\"og:description\" content=\"Vergleichen Sie die kultigen Produkte von Victoria Arduino und lassen Sie sich von ihrer Exzellenz mitrei\u00dfen!\" \/>\n<meta property=\"og:url\" content=\"https:\/\/victoriaarduino.com\/de\/vergleichen\/\" \/>\n<meta property=\"og:site_name\" content=\"Victoria Arduino\" \/>\n<meta property=\"article:modified_time\" content=\"2025-06-23T08:49:42+00:00\" \/>\n<meta name=\"twitter:card\" content=\"summary_large_image\" \/>\n<script type=\"application\/ld+json\" class=\"yoast-schema-graph\">{\"@context\":\"https:\\\/\\\/schema.org\",\"@graph\":[{\"@type\":\"WebPage\",\"@id\":\"https:\\\/\\\/victoriaarduino.com\\\/de\\\/vergleichen\\\/\",\"url\":\"https:\\\/\\\/victoriaarduino.com\\\/de\\\/vergleichen\\\/\",\"name\":\"Vergleichen Sie - Victoria Arduino\",\"isPartOf\":{\"@id\":\"https:\\\/\\\/victoriaarduino.com\\\/de\\\/#website\"},\"datePublished\":\"2025-03-28T15:07:03+00:00\",\"dateModified\":\"2025-06-23T08:49:42+00:00\",\"description\":\"Vergleichen Sie die kultigen Produkte von Victoria Arduino und lassen Sie sich von ihrer Exzellenz mitrei\u00dfen!\",\"breadcrumb\":{\"@id\":\"https:\\\/\\\/victoriaarduino.com\\\/de\\\/vergleichen\\\/#breadcrumb\"},\"inLanguage\":\"de\",\"potentialAction\":[{\"@type\":\"ReadAction\",\"target\":[\"https:\\\/\\\/victoriaarduino.com\\\/de\\\/vergleichen\\\/\"]}]},{\"@type\":\"BreadcrumbList\",\"@id\":\"https:\\\/\\\/victoriaarduino.com\\\/de\\\/vergleichen\\\/#breadcrumb\",\"itemListElement\":[{\"@type\":\"ListItem\",\"position\":1,\"name\":\"Startseite\",\"item\":\"https:\\\/\\\/victoriaarduino.com\\\/de\\\/startseite\\\/\"},{\"@type\":\"ListItem\",\"position\":2,\"name\":\"Vergleichen Sie\"}]},{\"@type\":\"WebSite\",\"@id\":\"https:\\\/\\\/victoriaarduino.com\\\/de\\\/#website\",\"url\":\"https:\\\/\\\/victoriaarduino.com\\\/de\\\/\",\"name\":\"Victoria Arduino\",\"description\":\"\",\"potentialAction\":[{\"@type\":\"SearchAction\",\"target\":{\"@type\":\"EntryPoint\",\"urlTemplate\":\"https:\\\/\\\/victoriaarduino.com\\\/de\\\/?s={search_term_string}\"},\"query-input\":{\"@type\":\"PropertyValueSpecification\",\"valueRequired\":true,\"valueName\":\"search_term_string\"}}],\"inLanguage\":\"de\"}]}<\/script>\n<!-- \/ Yoast SEO plugin. -->","yoast_head_json":{"title":"Vergleichen Sie - Victoria Arduino","description":"Vergleichen Sie die kultigen Produkte von Victoria Arduino und lassen Sie sich von ihrer Exzellenz mitrei\u00dfen!","robots":{"index":"index","follow":"follow","max-snippet":"max-snippet:-1","max-image-preview":"max-image-preview:large","max-video-preview":"max-video-preview:-1"},"canonical":"https:\/\/victoriaarduino.com\/de\/vergleichen\/","og_locale":"de_DE","og_type":"article","og_title":"Vergleichen Sie - Victoria Arduino","og_description":"Vergleichen Sie die kultigen Produkte von Victoria Arduino und lassen Sie sich von ihrer Exzellenz mitrei\u00dfen!","og_url":"https:\/\/victoriaarduino.com\/de\/vergleichen\/","og_site_name":"Victoria Arduino","article_modified_time":"2025-06-23T08:49:42+00:00","twitter_card":"summary_large_image","schema":{"@context":"https:\/\/schema.org","@graph":[{"@type":"WebPage","@id":"https:\/\/victoriaarduino.com\/de\/vergleichen\/","url":"https:\/\/victoriaarduino.com\/de\/vergleichen\/","name":"Vergleichen Sie - Victoria Arduino","isPartOf":{"@id":"https:\/\/victoriaarduino.com\/de\/#website"},"datePublished":"2025-03-28T15:07:03+00:00","dateModified":"2025-06-23T08:49:42+00:00","description":"Vergleichen Sie die kultigen Produkte von Victoria Arduino und lassen Sie sich von ihrer Exzellenz mitrei\u00dfen!","breadcrumb":{"@id":"https:\/\/victoriaarduino.com\/de\/vergleichen\/#breadcrumb"},"inLanguage":"de","potentialAction":[{"@type":"ReadAction","target":["https:\/\/victoriaarduino.com\/de\/vergleichen\/"]}]},{"@type":"BreadcrumbList","@id":"https:\/\/victoriaarduino.com\/de\/vergleichen\/#breadcrumb","itemListElement":[{"@type":"ListItem","position":1,"name":"Startseite","item":"https:\/\/victoriaarduino.com\/de\/startseite\/"},{"@type":"ListItem","position":2,"name":"Vergleichen Sie"}]},{"@type":"WebSite","@id":"https:\/\/victoriaarduino.com\/de\/#website","url":"https:\/\/victoriaarduino.com\/de\/","name":"Victoria Arduino","description":"","potentialAction":[{"@type":"SearchAction","target":{"@type":"EntryPoint","urlTemplate":"https:\/\/victoriaarduino.com\/de\/?s={search_term_string}"},"query-input":{"@type":"PropertyValueSpecification","valueRequired":true,"valueName":"search_term_string"}}],"inLanguage":"de"}]}},"_links":{"self":[{"href":"https:\/\/victoriaarduino.com\/de\/wp-json\/wp\/v2\/pages\/5195","targetHints":{"allow":["GET"]}}],"collection":[{"href":"https:\/\/victoriaarduino.com\/de\/wp-json\/wp\/v2\/pages"}],"about":[{"href":"https:\/\/victoriaarduino.com\/de\/wp-json\/wp\/v2\/types\/page"}],"author":[{"embeddable":true,"href":"https:\/\/victoriaarduino.com\/de\/wp-json\/wp\/v2\/users\/1"}],"replies":[{"embeddable":true,"href":"https:\/\/victoriaarduino.com\/de\/wp-json\/wp\/v2\/comments?post=5195"}],"version-history":[{"count":1,"href":"https:\/\/victoriaarduino.com\/de\/wp-json\/wp\/v2\/pages\/5195\/revisions"}],"predecessor-version":[{"id":8085,"href":"https:\/\/victoriaarduino.com\/de\/wp-json\/wp\/v2\/pages\/5195\/revisions\/8085"}],"wp:attachment":[{"href":"https:\/\/victoriaarduino.com\/de\/wp-json\/wp\/v2\/media?parent=5195"}],"curies":[{"name":"wp","href":"https:\/\/api.w.org\/{rel}","templated":true}]}}