{"id":5289,"date":"2025-06-03T12:54:55","date_gmt":"2025-06-03T10:54:55","guid":{"rendered":"https:\/\/victoriaarduino.com\/erbe\/"},"modified":"2025-08-29T17:22:28","modified_gmt":"2025-08-29T15:22:28","slug":"erbe","status":"publish","type":"page","link":"https:\/\/victoriaarduino.com\/de\/erbe\/","title":{"rendered":"Erbe"},"content":{"rendered":"","protected":false},"excerpt":{"rendered":"","protected":false},"author":2,"featured_media":0,"parent":0,"menu_order":0,"comment_status":"closed","ping_status":"closed","template":"templates\/heritage.php","meta":{"_acf_changed":false,"inline_featured_image":false},"class_list":["post-5289","page","type-page","status-publish","hentry"],"acf":{"heritage_final_banner_overlay":false,"header_style":"default","header_mode":"default","heritage_hero_img":{"ID":5466,"id":5466,"title":"Group-426@2x","filename":"Group-426@2x.webp","filesize":49378,"url":"https:\/\/victoriaarduino.com\/wp-content\/uploads\/2025\/03\/Group-426@2x.webp","link":"https:\/\/victoriaarduino.com\/de\/startseite\/group-4262x-2\/","alt":"","author":"1","description":"","caption":"","name":"group-4262x-2","status":"inherit","uploaded_to":5463,"date":"2025-03-05 09:52:03","modified":"2025-03-05 09:52:03","menu_order":0,"mime_type":"image\/webp","type":"image","subtype":"webp","icon":"https:\/\/victoriaarduino.com\/wp-includes\/images\/media\/default.png","width":780,"height":1040,"sizes":{"thumbnail":"https:\/\/victoriaarduino.com\/wp-content\/uploads\/2025\/03\/Group-426@2x-150x150.webp","thumbnail-width":150,"thumbnail-height":150,"medium":"https:\/\/victoriaarduino.com\/wp-content\/uploads\/2025\/03\/Group-426@2x-225x300.webp","medium-width":225,"medium-height":300,"medium_large":"https:\/\/victoriaarduino.com\/wp-content\/uploads\/2025\/03\/Group-426@2x-768x1024.webp","medium_large-width":768,"medium_large-height":1024,"large":"https:\/\/victoriaarduino.com\/wp-content\/uploads\/2025\/03\/Group-426@2x-768x1024.webp","large-width":768,"large-height":1024,"1536x1536":"https:\/\/victoriaarduino.com\/wp-content\/uploads\/2025\/03\/Group-426@2x.webp","1536x1536-width":780,"1536x1536-height":1040,"2048x2048":"https:\/\/victoriaarduino.com\/wp-content\/uploads\/2025\/03\/Group-426@2x.webp","2048x2048-width":780,"2048x2048-height":1040}},"heritage_final_banner_img":{"ID":7366,"id":7366,"title":"Abstract still 6@2x","filename":"Abstract-still-6@2x.webp","filesize":4614,"url":"https:\/\/victoriaarduino.com\/wp-content\/uploads\/2025\/03\/Abstract-still-6@2x.webp","link":"https:\/\/victoriaarduino.com\/de\/erbe\/abstract-still-62x-2-2\/","alt":"","author":"1","description":"","caption":"","name":"abstract-still-62x-2-2","status":"inherit","uploaded_to":5289,"date":"2025-03-07 12:06:09","modified":"2025-06-11 13:43:28","menu_order":0,"mime_type":"image\/webp","type":"image","subtype":"webp","icon":"https:\/\/victoriaarduino.com\/wp-includes\/images\/media\/default.png","width":832,"height":504,"sizes":{"thumbnail":"https:\/\/victoriaarduino.com\/wp-content\/uploads\/2025\/03\/Abstract-still-6@2x-150x150.webp","thumbnail-width":150,"thumbnail-height":150,"medium":"https:\/\/victoriaarduino.com\/wp-content\/uploads\/2025\/03\/Abstract-still-6@2x-300x182.webp","medium-width":300,"medium-height":182,"medium_large":"https:\/\/victoriaarduino.com\/wp-content\/uploads\/2025\/03\/Abstract-still-6@2x-768x465.webp","medium_large-width":768,"medium_large-height":465,"large":"https:\/\/victoriaarduino.com\/wp-content\/uploads\/2025\/03\/Abstract-still-6@2x.webp","large-width":832,"large-height":504,"1536x1536":"https:\/\/victoriaarduino.com\/wp-content\/uploads\/2025\/03\/Abstract-still-6@2x.webp","1536x1536-width":832,"1536x1536-height":504,"2048x2048":"https:\/\/victoriaarduino.com\/wp-content\/uploads\/2025\/03\/Abstract-still-6@2x.webp","2048x2048-width":832,"2048x2048-height":504}},"heritage_hero_subtitle":"Eine Reise durch die Zeit, Innovation und zeitloses Design","heritage_final_banner_section_title":"UNSERE PRODUKTE","heritage_final_banner_title":"Jeder dieser bahnbrechenden Meilensteine hat unsere Gegenwart gepr\u00e4gt und uns zur Entwicklung au\u00dfergew\u00f6hnlicher Produkte inspiriert, bei denen Leidenschaft auf fortschrittliche Technologie trifft.","heritage_years":[{"acf_fc_layout":"text_klein_text_4_bilder"},{"acf_fc_layout":"text_klein_text_3_bilder"},{"acf_fc_layout":"text_klein_text_3_bilder_alternativ"},{"acf_fc_layout":"text_klein_text_3_bilder_alternativ"},{"acf_fc_layout":"text_klein_text_3_bilder_alternativ"},{"acf_fc_layout":"text_img","id":"1960","section_title":"1960","title":"Design und Innovation","description":"<div class=\"ls-wrapper ls-z ls-hide-on-phone ls-hide-on-tablet\" data-slide-index=\"9\" data-ls-active=\"\">\n<div class=\"ls-wrapper ls-in-out ls-inner-wrapper\">\n<p class=\"ls-text-layer ls-layer\" data-ls=\"position:relative;\" data-ls-slidein=\"9\" data-ls-slideout=\"9\" data-ls-active=\"\">In den 1960er Jahren begann f\u00fcr Victoria Arduino ein goldenes Zeitalter der Design-Experimente. Mit der Einf\u00fchrung k\u00fchner neuer Modelle wie der Record, der Einf\u00fchrung eines modernisierten Aquila-Logos und der Wiedereinf\u00fchrung der beliebten Venus-Maschinen verschmolz die Marke Stil, Leistung und kulturellen Einfluss. Italienisches Design wurde nicht nur zu einer technischen Entscheidung, sondern zu einem Identit\u00e4tsmerkmal - ein Weg, Sch\u00f6nheit, Funktion und allt\u00e4gliche Rituale in perfektem Gleichgewicht zu verbinden.  <\/p>\n<\/div>\n<\/div>\n","images":[{"img":{"ID":5293,"id":5293,"title":"IX-01BIS DA SCONTORNARE_1","filename":"IX-01BIS-DA-SCONTORNARE_1.jpg","filesize":4676523,"url":"https:\/\/victoriaarduino.com\/wp-content\/uploads\/2025\/06\/IX-01BIS-DA-SCONTORNARE_1.jpg","link":"https:\/\/victoriaarduino.com\/de\/erbe\/ix-01bis-da-scontornare_1-2\/","alt":"","author":"2","description":"","caption":"","name":"ix-01bis-da-scontornare_1-2","status":"inherit","uploaded_to":5289,"date":"2025-06-03 09:29:58","modified":"2025-06-03 09:29:58","menu_order":0,"mime_type":"image\/jpeg","type":"image","subtype":"jpeg","icon":"https:\/\/victoriaarduino.com\/wp-includes\/images\/media\/default.png","width":3174,"height":3432,"sizes":{"thumbnail":"https:\/\/victoriaarduino.com\/wp-content\/uploads\/2025\/06\/IX-01BIS-DA-SCONTORNARE_1-150x150.jpg","thumbnail-width":150,"thumbnail-height":150,"medium":"https:\/\/victoriaarduino.com\/wp-content\/uploads\/2025\/06\/IX-01BIS-DA-SCONTORNARE_1-277x300.jpg","medium-width":277,"medium-height":300,"medium_large":"https:\/\/victoriaarduino.com\/wp-content\/uploads\/2025\/06\/IX-01BIS-DA-SCONTORNARE_1-768x830.jpg","medium_large-width":768,"medium_large-height":830,"large":"https:\/\/victoriaarduino.com\/wp-content\/uploads\/2025\/06\/IX-01BIS-DA-SCONTORNARE_1-947x1024.jpg","large-width":947,"large-height":1024,"1536x1536":"https:\/\/victoriaarduino.com\/wp-content\/uploads\/2025\/06\/IX-01BIS-DA-SCONTORNARE_1-1421x1536.jpg","1536x1536-width":1421,"1536x1536-height":1536,"2048x2048":"https:\/\/victoriaarduino.com\/wp-content\/uploads\/2025\/06\/IX-01BIS-DA-SCONTORNARE_1-1894x2048.jpg","2048x2048-width":1894,"2048x2048-height":2048}},"description":"1968 Serie Venus"}]},{"acf_fc_layout":"text_img_small_text","id":"1970","section_title":"1970","title":"Den Mythos exportieren","description":"<p>In den 1970er Jahren dehnte Victoria Arduino seine Pr\u00e4senz auf alle Kontinente aus, von Europa bis in die Vereinigten Staaten, und etablierte sich so als weltweite Kaffee-Ikone. Innovationen wie die aus Frankreich importierte Vibrationspumpe verbesserten die Konsistenz, w\u00e4hrend strategische Partnerschaften die Pr\u00e4senz der Marke im Ausland erh\u00f6hten. In Caf\u00e9s von Paris bis New York sind die Victoria Arduino-Maschinen zu Symbolen f\u00fcr erstklassigen Geschmack, Tradition und die Kunst des italienischen Espresso geworden.  <\/p>\n","images":[{"img":{"ID":5297,"id":5297,"title":"1970","filename":"1970.png","filesize":1060598,"url":"https:\/\/victoriaarduino.com\/wp-content\/uploads\/2025\/06\/1970.png","link":"https:\/\/victoriaarduino.com\/de\/erbe\/1970-2\/","alt":"","author":"2","description":"","caption":"","name":"1970-2","status":"inherit","uploaded_to":5289,"date":"2025-06-03 10:00:56","modified":"2025-06-03 10:00:56","menu_order":0,"mime_type":"image\/png","type":"image","subtype":"png","icon":"https:\/\/victoriaarduino.com\/wp-includes\/images\/media\/default.png","width":910,"height":688,"sizes":{"thumbnail":"https:\/\/victoriaarduino.com\/wp-content\/uploads\/2025\/06\/1970-150x150.png","thumbnail-width":150,"thumbnail-height":150,"medium":"https:\/\/victoriaarduino.com\/wp-content\/uploads\/2025\/06\/1970-300x227.png","medium-width":300,"medium-height":227,"medium_large":"https:\/\/victoriaarduino.com\/wp-content\/uploads\/2025\/06\/1970-768x581.png","medium_large-width":768,"medium_large-height":581,"large":"https:\/\/victoriaarduino.com\/wp-content\/uploads\/2025\/06\/1970.png","large-width":910,"large-height":688,"1536x1536":"https:\/\/victoriaarduino.com\/wp-content\/uploads\/2025\/06\/1970.png","1536x1536-width":910,"1536x1536-height":688,"2048x2048":"https:\/\/victoriaarduino.com\/wp-content\/uploads\/2025\/06\/1970.png","2048x2048-width":910,"2048x2048-height":688}},"description":"Die 1970er Jahre - Familie Venus"}],"final_description":"<p>Mit einer exklusiven franz\u00f6sischen Vibrationspumpe l\u00e4utete die neu gestaltete Venus-Familie ein neues Kapitel f\u00fcr Victoria Arduino ein, da die Marke in Frankreich und in den USA, insbesondere in den italienisch-amerikanischen Caf\u00e9s in New York, erneut erfolgreich war.<\/p>\n"},{"acf_fc_layout":"text_img","id":"2000","section_title":"2000s","title":"Ein neues Kapitel","description":"<p>Im Jahr 2001 trat Victoria Arduino in die Simonelli-Familie ein und l\u00e4utete eine neue \u00c4ra des Wachstums und der Innovation ein. Diese Partnerschaft hat die Mission der Marke neu belebt: Maschinen zu schaffen, die nicht nur Werkzeuge sind, sondern Objekte der Begierde f\u00fcr Profis und Kaffeeliebhaber. <\/p>\n","images":[{"img":{"ID":7356,"id":7356,"title":"SimonelliGroup_FF-12@2x","filename":"SimonelliGroup_FF-12@2x.webp","filesize":65658,"url":"https:\/\/victoriaarduino.com\/wp-content\/uploads\/2025\/04\/SimonelliGroup_FF-12@2x.webp","link":"https:\/\/victoriaarduino.com\/de\/erbe\/simonelligroup_ff-122x-2-2\/","alt":"","author":"1","description":"","caption":"","name":"simonelligroup_ff-122x-2-2","status":"inherit","uploaded_to":5289,"date":"2025-04-30 09:54:59","modified":"2025-06-11 13:43:28","menu_order":0,"mime_type":"image\/webp","type":"image","subtype":"webp","icon":"https:\/\/victoriaarduino.com\/wp-includes\/images\/media\/default.png","width":1704,"height":866,"sizes":{"thumbnail":"https:\/\/victoriaarduino.com\/wp-content\/uploads\/2025\/04\/SimonelliGroup_FF-12@2x-150x150.webp","thumbnail-width":150,"thumbnail-height":150,"medium":"https:\/\/victoriaarduino.com\/wp-content\/uploads\/2025\/04\/SimonelliGroup_FF-12@2x-300x152.webp","medium-width":300,"medium-height":152,"medium_large":"https:\/\/victoriaarduino.com\/wp-content\/uploads\/2025\/04\/SimonelliGroup_FF-12@2x-768x390.webp","medium_large-width":768,"medium_large-height":390,"large":"https:\/\/victoriaarduino.com\/wp-content\/uploads\/2025\/04\/SimonelliGroup_FF-12@2x-1024x520.webp","large-width":1024,"large-height":520,"1536x1536":"https:\/\/victoriaarduino.com\/wp-content\/uploads\/2025\/04\/SimonelliGroup_FF-12@2x-1536x781.webp","1536x1536-width":1536,"1536x1536-height":781,"2048x2048":"https:\/\/victoriaarduino.com\/wp-content\/uploads\/2025\/04\/SimonelliGroup_FF-12@2x.webp","2048x2048-width":1704,"2048x2048-height":866}},"description":"Der Hauptsitz der Simonelli-Gruppe in Belforte del Chienti (MC)"}]},{"acf_fc_layout":"text_img_small_text","id":"2010","section_title":"Jahre 2010","title":"Die Wiedergeburt des Kaffees","description":"<p>Das Jahr 2013 markierte einen weiteren Meilenstein mit der Einf\u00fchrung der Kaffeem\u00fchle Mythos One. Ausgestattet mit der Clima Pro Technologie, definierte sie die Pr\u00e4zision und Konsistenz des Kaffeemahlens neu und erf\u00fcllte die Bed\u00fcrfnisse der erfahrensten Baristas der Welt. Im Jahr 2014 stellte Victoria Arduino die Black Eagle VA388 vor, eine Maschine, die die Verschmelzung von Handwerkskunst und Spitzentechnologie zelebriert und schnell zu einem Eckpfeiler der Kaffeespezialit\u00e4tenkultur wurde.  <\/p>\n","images":[{"img":{"ID":7358,"id":7358,"title":"macinatura_0004_base-batteria_Video","filename":"macinatura_0004_base-batteria_Video.png","filesize":1497504,"url":"https:\/\/victoriaarduino.com\/wp-content\/uploads\/2025\/05\/macinatura_0004_base-batteria_Video.png","link":"https:\/\/victoriaarduino.com\/de\/erbe\/macinatura_0004_base-batteria_video-2-2\/","alt":"","author":"2","description":"","caption":"","name":"macinatura_0004_base-batteria_video-2-2","status":"inherit","uploaded_to":5289,"date":"2025-05-20 09:48:55","modified":"2025-06-11 13:43:28","menu_order":0,"mime_type":"image\/png","type":"image","subtype":"png","icon":"https:\/\/victoriaarduino.com\/wp-includes\/images\/media\/default.png","width":1920,"height":1079,"sizes":{"thumbnail":"https:\/\/victoriaarduino.com\/wp-content\/uploads\/2025\/05\/macinatura_0004_base-batteria_Video-150x150.png","thumbnail-width":150,"thumbnail-height":150,"medium":"https:\/\/victoriaarduino.com\/wp-content\/uploads\/2025\/05\/macinatura_0004_base-batteria_Video-300x169.png","medium-width":300,"medium-height":169,"medium_large":"https:\/\/victoriaarduino.com\/wp-content\/uploads\/2025\/05\/macinatura_0004_base-batteria_Video-768x432.png","medium_large-width":768,"medium_large-height":432,"large":"https:\/\/victoriaarduino.com\/wp-content\/uploads\/2025\/05\/macinatura_0004_base-batteria_Video-1024x575.png","large-width":1024,"large-height":575,"1536x1536":"https:\/\/victoriaarduino.com\/wp-content\/uploads\/2025\/05\/macinatura_0004_base-batteria_Video-1536x863.png","1536x1536-width":1536,"1536x1536-height":863,"2048x2048":"https:\/\/victoriaarduino.com\/wp-content\/uploads\/2025\/05\/macinatura_0004_base-batteria_Video.png","2048x2048-width":1920,"2048x2048-height":1079}},"description":"2013 Die Kaffeem\u00fchle Mythos kommt auf den Markt und revolutioniert das Konzept des Kaffeemahlens"}],"final_description":"<p>In den 2010er Jahren konzentrierte sich Victoria Arduino stark auf die Espressoqualit\u00e4t und das Mahlen und schuf zwei ikonische Produkte - Mythos und Black Eagle VA388 -, die zusammen mit Kaffeespezialisten f\u00fcr Kaffeeprofis entwickelt wurden, die Pr\u00e4zision, Konsistenz und Leistung suchen.<\/p>\n"},{"acf_fc_layout":"text_klein_text_3_bilder_alternativ_2"}]},"yoast_head":"<!-- This site is optimized with the Yoast SEO plugin v27.4 - https:\/\/yoast.com\/product\/yoast-seo-wordpress\/ -->\n<title>Erbe - Victoria Arduino<\/title>\n<meta name=\"description\" content=\"Entdecken Sie das Erbe und die Meilensteine, die Victoria Arduino zu einer einzigartigen Marke gemacht haben und weiterhin machen.\" \/>\n<meta name=\"robots\" content=\"index, follow, max-snippet:-1, max-image-preview:large, max-video-preview:-1\" \/>\n<link rel=\"canonical\" href=\"https:\/\/victoriaarduino.com\/de\/erbe\/\" \/>\n<meta property=\"og:locale\" content=\"de_DE\" \/>\n<meta property=\"og:type\" content=\"article\" \/>\n<meta property=\"og:title\" content=\"Erbe - Victoria Arduino\" \/>\n<meta property=\"og:description\" content=\"Entdecken Sie das Erbe und die Meilensteine, die Victoria Arduino zu einer einzigartigen Marke gemacht haben und weiterhin machen.\" \/>\n<meta property=\"og:url\" content=\"https:\/\/victoriaarduino.com\/de\/erbe\/\" \/>\n<meta property=\"og:site_name\" content=\"Victoria Arduino\" \/>\n<meta property=\"article:modified_time\" content=\"2025-08-29T15:22:28+00:00\" \/>\n<meta name=\"twitter:card\" content=\"summary_large_image\" \/>\n<script type=\"application\/ld+json\" class=\"yoast-schema-graph\">{\"@context\":\"https:\\\/\\\/schema.org\",\"@graph\":[{\"@type\":\"WebPage\",\"@id\":\"https:\\\/\\\/victoriaarduino.com\\\/de\\\/erbe\\\/\",\"url\":\"https:\\\/\\\/victoriaarduino.com\\\/de\\\/erbe\\\/\",\"name\":\"Erbe - Victoria Arduino\",\"isPartOf\":{\"@id\":\"https:\\\/\\\/victoriaarduino.com\\\/de\\\/#website\"},\"datePublished\":\"2025-06-03T10:54:55+00:00\",\"dateModified\":\"2025-08-29T15:22:28+00:00\",\"description\":\"Entdecken Sie das Erbe und die Meilensteine, die Victoria Arduino zu einer einzigartigen Marke gemacht haben und weiterhin machen.\",\"breadcrumb\":{\"@id\":\"https:\\\/\\\/victoriaarduino.com\\\/de\\\/erbe\\\/#breadcrumb\"},\"inLanguage\":\"de\",\"potentialAction\":[{\"@type\":\"ReadAction\",\"target\":[\"https:\\\/\\\/victoriaarduino.com\\\/de\\\/erbe\\\/\"]}]},{\"@type\":\"BreadcrumbList\",\"@id\":\"https:\\\/\\\/victoriaarduino.com\\\/de\\\/erbe\\\/#breadcrumb\",\"itemListElement\":[{\"@type\":\"ListItem\",\"position\":1,\"name\":\"Startseite\",\"item\":\"https:\\\/\\\/victoriaarduino.com\\\/de\\\/startseite\\\/\"},{\"@type\":\"ListItem\",\"position\":2,\"name\":\"Erbe\"}]},{\"@type\":\"WebSite\",\"@id\":\"https:\\\/\\\/victoriaarduino.com\\\/de\\\/#website\",\"url\":\"https:\\\/\\\/victoriaarduino.com\\\/de\\\/\",\"name\":\"Victoria Arduino\",\"description\":\"\",\"potentialAction\":[{\"@type\":\"SearchAction\",\"target\":{\"@type\":\"EntryPoint\",\"urlTemplate\":\"https:\\\/\\\/victoriaarduino.com\\\/de\\\/?s={search_term_string}\"},\"query-input\":{\"@type\":\"PropertyValueSpecification\",\"valueRequired\":true,\"valueName\":\"search_term_string\"}}],\"inLanguage\":\"de\"}]}<\/script>\n<!-- \/ Yoast SEO plugin. -->","yoast_head_json":{"title":"Erbe - Victoria Arduino","description":"Entdecken Sie das Erbe und die Meilensteine, die Victoria Arduino zu einer einzigartigen Marke gemacht haben und weiterhin machen.","robots":{"index":"index","follow":"follow","max-snippet":"max-snippet:-1","max-image-preview":"max-image-preview:large","max-video-preview":"max-video-preview:-1"},"canonical":"https:\/\/victoriaarduino.com\/de\/erbe\/","og_locale":"de_DE","og_type":"article","og_title":"Erbe - Victoria Arduino","og_description":"Entdecken Sie das Erbe und die Meilensteine, die Victoria Arduino zu einer einzigartigen Marke gemacht haben und weiterhin machen.","og_url":"https:\/\/victoriaarduino.com\/de\/erbe\/","og_site_name":"Victoria Arduino","article_modified_time":"2025-08-29T15:22:28+00:00","twitter_card":"summary_large_image","schema":{"@context":"https:\/\/schema.org","@graph":[{"@type":"WebPage","@id":"https:\/\/victoriaarduino.com\/de\/erbe\/","url":"https:\/\/victoriaarduino.com\/de\/erbe\/","name":"Erbe - Victoria Arduino","isPartOf":{"@id":"https:\/\/victoriaarduino.com\/de\/#website"},"datePublished":"2025-06-03T10:54:55+00:00","dateModified":"2025-08-29T15:22:28+00:00","description":"Entdecken Sie das Erbe und die Meilensteine, die Victoria Arduino zu einer einzigartigen Marke gemacht haben und weiterhin machen.","breadcrumb":{"@id":"https:\/\/victoriaarduino.com\/de\/erbe\/#breadcrumb"},"inLanguage":"de","potentialAction":[{"@type":"ReadAction","target":["https:\/\/victoriaarduino.com\/de\/erbe\/"]}]},{"@type":"BreadcrumbList","@id":"https:\/\/victoriaarduino.com\/de\/erbe\/#breadcrumb","itemListElement":[{"@type":"ListItem","position":1,"name":"Startseite","item":"https:\/\/victoriaarduino.com\/de\/startseite\/"},{"@type":"ListItem","position":2,"name":"Erbe"}]},{"@type":"WebSite","@id":"https:\/\/victoriaarduino.com\/de\/#website","url":"https:\/\/victoriaarduino.com\/de\/","name":"Victoria Arduino","description":"","potentialAction":[{"@type":"SearchAction","target":{"@type":"EntryPoint","urlTemplate":"https:\/\/victoriaarduino.com\/de\/?s={search_term_string}"},"query-input":{"@type":"PropertyValueSpecification","valueRequired":true,"valueName":"search_term_string"}}],"inLanguage":"de"}]}},"_links":{"self":[{"href":"https:\/\/victoriaarduino.com\/de\/wp-json\/wp\/v2\/pages\/5289","targetHints":{"allow":["GET"]}}],"collection":[{"href":"https:\/\/victoriaarduino.com\/de\/wp-json\/wp\/v2\/pages"}],"about":[{"href":"https:\/\/victoriaarduino.com\/de\/wp-json\/wp\/v2\/types\/page"}],"author":[{"embeddable":true,"href":"https:\/\/victoriaarduino.com\/de\/wp-json\/wp\/v2\/users\/2"}],"replies":[{"embeddable":true,"href":"https:\/\/victoriaarduino.com\/de\/wp-json\/wp\/v2\/comments?post=5289"}],"version-history":[{"count":1,"href":"https:\/\/victoriaarduino.com\/de\/wp-json\/wp\/v2\/pages\/5289\/revisions"}],"predecessor-version":[{"id":8074,"href":"https:\/\/victoriaarduino.com\/de\/wp-json\/wp\/v2\/pages\/5289\/revisions\/8074"}],"wp:attachment":[{"href":"https:\/\/victoriaarduino.com\/de\/wp-json\/wp\/v2\/media?parent=5289"}],"curies":[{"name":"wp","href":"https:\/\/api.w.org\/{rel}","templated":true}]}}