{"id":5463,"date":"2025-03-04T10:38:04","date_gmt":"2025-03-04T09:38:04","guid":{"rendered":"https:\/\/victoriaarduino.com\/startseite\/"},"modified":"2025-08-29T17:22:33","modified_gmt":"2025-08-29T15:22:33","slug":"startseite","status":"publish","type":"page","link":"https:\/\/victoriaarduino.com\/de\/","title":{"rendered":"Homepage"},"content":{"rendered":"","protected":false},"excerpt":{"rendered":"","protected":false},"author":1,"featured_media":0,"parent":0,"menu_order":0,"comment_status":"closed","ping_status":"closed","template":"","meta":{"_acf_changed":false,"inline_featured_image":false},"class_list":["post-5463","page","type-page","status-publish","hentry"],"acf":{"home_brand_legacy":{"video":{"ID":5465,"id":5465,"title":"VA-ATTERRAGGIO-WEBSITE (1)","filename":"VA-ATTERRAGGIO-WEBSITE-1.mp4","filesize":4734084,"url":"https:\/\/victoriaarduino.com\/wp-content\/uploads\/2025\/03\/VA-ATTERRAGGIO-WEBSITE-1.mp4","link":"https:\/\/victoriaarduino.com\/de\/startseite\/va-atterraggio-website-1-2\/","alt":"","author":"1","description":"","caption":"","name":"va-atterraggio-website-1-2","status":"inherit","uploaded_to":5463,"date":"2025-03-05 09:51:57","modified":"2025-03-05 09:51:57","menu_order":0,"mime_type":"video\/mp4","type":"video","subtype":"mp4","icon":"https:\/\/victoriaarduino.com\/wp-includes\/images\/media\/video.png","width":1080,"height":1350},"link":{"title":"Entdecken Sie unsere Geschichte","url":"https:\/\/victoriaarduino.com\/heritage\/","target":""}},"home_trio_technology":{"img":{"ID":5470,"id":5470,"title":"Group 926@2x","filename":"Group-926@2x.webp","filesize":38062,"url":"https:\/\/victoriaarduino.com\/wp-content\/uploads\/2025\/03\/Group-926@2x.webp","link":"https:\/\/victoriaarduino.com\/de\/startseite\/group-9262x-2\/","alt":"","author":"1","description":"","caption":"","name":"group-9262x-2","status":"inherit","uploaded_to":5463,"date":"2025-03-05 13:13:25","modified":"2025-03-05 13:13:25","menu_order":0,"mime_type":"image\/webp","type":"image","subtype":"webp","icon":"https:\/\/victoriaarduino.com\/wp-includes\/images\/media\/default.png","width":1442,"height":1708,"sizes":{"thumbnail":"https:\/\/victoriaarduino.com\/wp-content\/uploads\/2025\/03\/Group-926@2x-150x150.webp","thumbnail-width":150,"thumbnail-height":150,"medium":"https:\/\/victoriaarduino.com\/wp-content\/uploads\/2025\/03\/Group-926@2x-253x300.webp","medium-width":253,"medium-height":300,"medium_large":"https:\/\/victoriaarduino.com\/wp-content\/uploads\/2025\/03\/Group-926@2x-768x910.webp","medium_large-width":768,"medium_large-height":910,"large":"https:\/\/victoriaarduino.com\/wp-content\/uploads\/2025\/03\/Group-926@2x-865x1024.webp","large-width":865,"large-height":1024,"1536x1536":"https:\/\/victoriaarduino.com\/wp-content\/uploads\/2025\/03\/Group-926@2x-1297x1536.webp","1536x1536-width":1297,"1536x1536-height":1536,"2048x2048":"https:\/\/victoriaarduino.com\/wp-content\/uploads\/2025\/03\/Group-926@2x.webp","2048x2048-width":1442,"2048x2048-height":1708}},"section_title":"TECHNOLOGIE","title":"An der Spitze der Innovation","description":"<div class=\"comment-li-wrapper _35x2ayZAjh7TZ365Wfcs88 highlight hovered-pin\" data-testid=\"comment-li-wrapper\">\n<div id=\"\/assets\/urn:aaid:sc:US:e40e5206-8c5a-408d-bb66-f1d7b1dea735\/annots\/9bdd29ef-cfc3-4396-aa9e-0ae68a6588f9\" class=\"comment-wrapper\" role=\"comment\">\n<div class=\"comment-content-wrapper\">\n<div class=\"row\">\n<div class=\"comment-text-controls-container\">\n<div class=\"comment-text\">\n<div>Innovation war schon immer das Herzst\u00fcck von Victoria Arduino. In den fr\u00fchen 1900er Jahren entwarf Pier Teresio Arduino die erste Espressomaschine, die von der Kraft und Pr\u00e4zision der Dampfeisenbahn inspiriert war und eine neue \u00c4ra von Geschwindigkeit, Stil und Fortschritt einl\u00e4utete. Derselbe Pioniergeist treibt auch heute noch unsere Kaffeemaschinen an, bei denen Tradition auf fortschrittliche Technologie trifft, um au\u00dfergew\u00f6hnliche Leistungen und unvergessliche Kaffeeerlebnisse zu bieten.  <\/div>\n<\/div>\n<\/div>\n<\/div>\n<\/div>\n<\/div>\n<\/div>\n","link":""},"home_trio_sustainability":{"img":{"ID":5472,"id":5472,"title":"Polygone_VA_NS_BWT_-33@2x","filename":"Polygone_VA_NS_BWT_-33@2x.webp","filesize":88974,"url":"https:\/\/victoriaarduino.com\/wp-content\/uploads\/2025\/03\/Polygone_VA_NS_BWT_-33@2x.webp","link":"https:\/\/victoriaarduino.com\/de\/startseite\/polygone_va_ns_bwt_-332x-2\/","alt":"","author":"1","description":"","caption":"","name":"polygone_va_ns_bwt_-332x-2","status":"inherit","uploaded_to":5463,"date":"2025-03-05 13:14:36","modified":"2025-03-05 13:14:36","menu_order":0,"mime_type":"image\/webp","type":"image","subtype":"webp","icon":"https:\/\/victoriaarduino.com\/wp-includes\/images\/media\/default.png","width":2880,"height":800,"sizes":{"thumbnail":"https:\/\/victoriaarduino.com\/wp-content\/uploads\/2025\/03\/Polygone_VA_NS_BWT_-33@2x-150x150.webp","thumbnail-width":150,"thumbnail-height":150,"medium":"https:\/\/victoriaarduino.com\/wp-content\/uploads\/2025\/03\/Polygone_VA_NS_BWT_-33@2x-300x83.webp","medium-width":300,"medium-height":83,"medium_large":"https:\/\/victoriaarduino.com\/wp-content\/uploads\/2025\/03\/Polygone_VA_NS_BWT_-33@2x-768x213.webp","medium_large-width":768,"medium_large-height":213,"large":"https:\/\/victoriaarduino.com\/wp-content\/uploads\/2025\/03\/Polygone_VA_NS_BWT_-33@2x-1024x284.webp","large-width":1024,"large-height":284,"1536x1536":"https:\/\/victoriaarduino.com\/wp-content\/uploads\/2025\/03\/Polygone_VA_NS_BWT_-33@2x-1536x427.webp","1536x1536-width":1536,"1536x1536-height":427,"2048x2048":"https:\/\/victoriaarduino.com\/wp-content\/uploads\/2025\/03\/Polygone_VA_NS_BWT_-33@2x-2048x569.webp","2048x2048-width":2048,"2048x2048-height":569}},"section_title":"NACHHALTIGKEIT","title":"Kombination von Nachhaltigkeit und Leistung","description":"<p>Bei der Entwicklung unserer Kaffeemaschinen legen wir gro\u00dfen Wert auf Nachhaltigkeit, die Minimierung der Umweltbelastung und die Maximierung von Effizienz und Langlebigkeit.<\/p>\n","link":""},"header_style":"transparent","header_mode":"default","home_brand_poster":{"img":{"ID":5466,"id":5466,"title":"Group-426@2x","filename":"Group-426@2x.webp","filesize":49378,"url":"https:\/\/victoriaarduino.com\/wp-content\/uploads\/2025\/03\/Group-426@2x.webp","link":"https:\/\/victoriaarduino.com\/de\/startseite\/group-4262x-2\/","alt":"","author":"1","description":"","caption":"","name":"group-4262x-2","status":"inherit","uploaded_to":5463,"date":"2025-03-05 09:52:03","modified":"2025-03-05 09:52:03","menu_order":0,"mime_type":"image\/webp","type":"image","subtype":"webp","icon":"https:\/\/victoriaarduino.com\/wp-includes\/images\/media\/default.png","width":780,"height":1040,"sizes":{"thumbnail":"https:\/\/victoriaarduino.com\/wp-content\/uploads\/2025\/03\/Group-426@2x-150x150.webp","thumbnail-width":150,"thumbnail-height":150,"medium":"https:\/\/victoriaarduino.com\/wp-content\/uploads\/2025\/03\/Group-426@2x-225x300.webp","medium-width":225,"medium-height":300,"medium_large":"https:\/\/victoriaarduino.com\/wp-content\/uploads\/2025\/03\/Group-426@2x-768x1024.webp","medium_large-width":768,"medium_large-height":1024,"large":"https:\/\/victoriaarduino.com\/wp-content\/uploads\/2025\/03\/Group-426@2x-768x1024.webp","large-width":768,"large-height":1024,"1536x1536":"https:\/\/victoriaarduino.com\/wp-content\/uploads\/2025\/03\/Group-426@2x.webp","1536x1536-width":780,"1536x1536-height":1040,"2048x2048":"https:\/\/victoriaarduino.com\/wp-content\/uploads\/2025\/03\/Group-426@2x.webp","2048x2048-width":780,"2048x2048-height":1040}},"title":"Lernen Sie unsere Marke kennen","description":"<p>Victoria Arduino wird von der unersch\u00fctterlichen Leidenschaft angetrieben, au\u00dfergew\u00f6hnliche Erfahrungen f\u00fcr diejenigen zu schaffen, die in jeder Tasse Perfektion suchen. Jedes Detail wird mit Sorgfalt erstellt, um eine Reise zu gew\u00e4hrleisten, die Exzellenz und Raffinesse verk\u00f6rpert.<\/p>\n"},"home_trio_design":{"img":{"ID":5471,"id":5471,"title":"434481149_810737127752578_1428657514536287357_n@2x","filename":"434481149_810737127752578_1428657514536287357_n@2x.webp","filesize":32576,"url":"https:\/\/victoriaarduino.com\/wp-content\/uploads\/2025\/03\/434481149_810737127752578_1428657514536287357_n@2x.webp","link":"https:\/\/victoriaarduino.com\/de\/startseite\/434481149_810737127752578_1428657514536287357_n2x-2\/","alt":"","author":"1","description":"","caption":"","name":"434481149_810737127752578_1428657514536287357_n2x-2","status":"inherit","uploaded_to":5463,"date":"2025-03-05 13:13:26","modified":"2025-03-05 13:13:26","menu_order":0,"mime_type":"image\/webp","type":"image","subtype":"webp","icon":"https:\/\/victoriaarduino.com\/wp-includes\/images\/media\/default.png","width":1442,"height":1708,"sizes":{"thumbnail":"https:\/\/victoriaarduino.com\/wp-content\/uploads\/2025\/03\/434481149_810737127752578_1428657514536287357_n@2x-150x150.webp","thumbnail-width":150,"thumbnail-height":150,"medium":"https:\/\/victoriaarduino.com\/wp-content\/uploads\/2025\/03\/434481149_810737127752578_1428657514536287357_n@2x-253x300.webp","medium-width":253,"medium-height":300,"medium_large":"https:\/\/victoriaarduino.com\/wp-content\/uploads\/2025\/03\/434481149_810737127752578_1428657514536287357_n@2x-768x910.webp","medium_large-width":768,"medium_large-height":910,"large":"https:\/\/victoriaarduino.com\/wp-content\/uploads\/2025\/03\/434481149_810737127752578_1428657514536287357_n@2x-865x1024.webp","large-width":865,"large-height":1024,"1536x1536":"https:\/\/victoriaarduino.com\/wp-content\/uploads\/2025\/03\/434481149_810737127752578_1428657514536287357_n@2x-1297x1536.webp","1536x1536-width":1297,"1536x1536-height":1536,"2048x2048":"https:\/\/victoriaarduino.com\/wp-content\/uploads\/2025\/03\/434481149_810737127752578_1428657514536287357_n@2x.webp","2048x2048-width":1442,"2048x2048-height":1708}},"section_title":"Entwurf","title":"Ikone des italienischen Stils","description":"<div class=\"comment-li-wrapper _35x2ayZAjh7TZ365Wfcs88 highlight hovered-pin\" data-testid=\"comment-li-wrapper\">\n<div id=\"\/assets\/urn:aaid:sc:US:e40e5206-8c5a-408d-bb66-f1d7b1dea735\/annots\/df6d51f9-79ea-4458-804e-6c6733bccaeb\" class=\"comment-wrapper\" role=\"comment\">\n<div class=\"comment-content-wrapper\">\n<div class=\"row\">\n<div class=\"comment-text-controls-container\">\n<div class=\"comment-text\">\n<div>Victoria Arduino ist ein Symbol f\u00fcr italienisches Spitzendesign, bei dem zeitlose Eleganz auf modernste Innovation trifft. Unser Erbe basiert auf der Zusammenarbeit mit den vision\u00e4rsten Designern Italiens. Von Leonetto Cappiello im Jahr 1922, dem ikonischen Futuristen, der unsere visuelle Identit\u00e4t pr\u00e4gte, bis hin zum unverwechselbaren Design jeder einzelnen Maschine - Victoria Arduino vereint Kunst und fortschrittliche Technologie, um raffinierte Kaffeeerlebnisse zu schaffen.  <\/div>\n<\/div>\n<\/div>\n<\/div>\n<\/div>\n<\/div>\n<\/div>\n","link":{"title":"mehr erfahren","url":"https:\/\/victoriaarduino.com\/storia-del-design\/","target":""}},"home_legends_img_left":{"ID":5469,"id":5469,"title":"Screenshot 2025-01-24 at 09.44.27@2x","filename":"Screenshot-2025-01-24-at-09.44.27@2x.webp","filesize":19694,"url":"https:\/\/victoriaarduino.com\/wp-content\/uploads\/2025\/03\/Screenshot-2025-01-24-at-09.44.27@2x.webp","link":"https:\/\/victoriaarduino.com\/de\/startseite\/screenshot-2025-01-24-at-09-44-272x-2\/","alt":"","author":"1","description":"","caption":"","name":"screenshot-2025-01-24-at-09-44-272x-2","status":"inherit","uploaded_to":5463,"date":"2025-03-05 12:23:50","modified":"2025-03-05 12:23:50","menu_order":0,"mime_type":"image\/webp","type":"image","subtype":"webp","icon":"https:\/\/victoriaarduino.com\/wp-includes\/images\/media\/default.png","width":800,"height":1012,"sizes":{"thumbnail":"https:\/\/victoriaarduino.com\/wp-content\/uploads\/2025\/03\/Screenshot-2025-01-24-at-09.44.27@2x-150x150.webp","thumbnail-width":150,"thumbnail-height":150,"medium":"https:\/\/victoriaarduino.com\/wp-content\/uploads\/2025\/03\/Screenshot-2025-01-24-at-09.44.27@2x-237x300.webp","medium-width":237,"medium-height":300,"medium_large":"https:\/\/victoriaarduino.com\/wp-content\/uploads\/2025\/03\/Screenshot-2025-01-24-at-09.44.27@2x-768x972.webp","medium_large-width":768,"medium_large-height":972,"large":"https:\/\/victoriaarduino.com\/wp-content\/uploads\/2025\/03\/Screenshot-2025-01-24-at-09.44.27@2x.webp","large-width":800,"large-height":1012,"1536x1536":"https:\/\/victoriaarduino.com\/wp-content\/uploads\/2025\/03\/Screenshot-2025-01-24-at-09.44.27@2x.webp","1536x1536-width":800,"1536x1536-height":1012,"2048x2048":"https:\/\/victoriaarduino.com\/wp-content\/uploads\/2025\/03\/Screenshot-2025-01-24-at-09.44.27@2x.webp","2048x2048-width":800,"2048x2048-height":1012}},"home_legends_img_right":{"ID":5474,"id":5474,"title":"mythos-nero-dx-MY75@2x","filename":"mythos-nero-dx-MY75@2x.jpg","filesize":71657,"url":"https:\/\/victoriaarduino.com\/wp-content\/uploads\/2025\/05\/mythos-nero-dx-MY75@2x.jpg","link":"https:\/\/victoriaarduino.com\/de\/startseite\/mythos-nero-dx-my752x-2-2\/","alt":"","author":"1","description":"","caption":"","name":"mythos-nero-dx-my752x-2-2","status":"inherit","uploaded_to":5463,"date":"2025-05-15 06:19:33","modified":"2025-05-15 06:19:33","menu_order":0,"mime_type":"image\/jpeg","type":"image","subtype":"jpeg","icon":"https:\/\/victoriaarduino.com\/wp-includes\/images\/media\/default.png","width":800,"height":1012,"sizes":{"thumbnail":"https:\/\/victoriaarduino.com\/wp-content\/uploads\/2025\/05\/mythos-nero-dx-MY75@2x-150x150.jpg","thumbnail-width":150,"thumbnail-height":150,"medium":"https:\/\/victoriaarduino.com\/wp-content\/uploads\/2025\/05\/mythos-nero-dx-MY75@2x-237x300.jpg","medium-width":237,"medium-height":300,"medium_large":"https:\/\/victoriaarduino.com\/wp-content\/uploads\/2025\/05\/mythos-nero-dx-MY75@2x-768x972.jpg","medium_large-width":768,"medium_large-height":972,"large":"https:\/\/victoriaarduino.com\/wp-content\/uploads\/2025\/05\/mythos-nero-dx-MY75@2x.jpg","large-width":800,"large-height":1012,"1536x1536":"https:\/\/victoriaarduino.com\/wp-content\/uploads\/2025\/05\/mythos-nero-dx-MY75@2x.jpg","1536x1536-width":800,"1536x1536-height":1012,"2048x2048":"https:\/\/victoriaarduino.com\/wp-content\/uploads\/2025\/05\/mythos-nero-dx-MY75@2x.jpg","2048x2048-width":800,"2048x2048-height":1012}},"home_products_section_title":"KULTIGE PRODUKTE","home_products_title":"Geboren, um Helden zu sein","home_legends_title":"Mythos wird zur Legende","home_stories_title":"Weltnachrichten","home_feed_section_title":"SOZIALE PR\u00c4SENZ","home_global_section_title":"GLOBALE PR\u00c4SENZ","home_global_title":"Mit einem starken globalen Netzwerk bleiben wir in unmittelbarer N\u00e4he zu den Kaffeegemeinschaften in aller Welt.","home_brand_banner_img":{"ID":5476,"id":5476,"title":"immagine","filename":"immagine.jpg","filesize":312682,"url":"https:\/\/victoriaarduino.com\/wp-content\/uploads\/2025\/05\/immagine.jpg","link":"https:\/\/victoriaarduino.com\/de\/startseite\/immagine-2\/","alt":"","author":"1","description":"","caption":"","name":"immagine-2","status":"inherit","uploaded_to":5463,"date":"2025-05-16 08:46:32","modified":"2025-05-16 08:46:32","menu_order":0,"mime_type":"image\/jpeg","type":"image","subtype":"jpeg","icon":"https:\/\/victoriaarduino.com\/wp-includes\/images\/media\/default.png","width":2500,"height":1487,"sizes":{"thumbnail":"https:\/\/victoriaarduino.com\/wp-content\/uploads\/2025\/05\/immagine-150x150.jpg","thumbnail-width":150,"thumbnail-height":150,"medium":"https:\/\/victoriaarduino.com\/wp-content\/uploads\/2025\/05\/immagine-300x178.jpg","medium-width":300,"medium-height":178,"medium_large":"https:\/\/victoriaarduino.com\/wp-content\/uploads\/2025\/05\/immagine-768x457.jpg","medium_large-width":768,"medium_large-height":457,"large":"https:\/\/victoriaarduino.com\/wp-content\/uploads\/2025\/05\/immagine-1024x609.jpg","large-width":1024,"large-height":609,"1536x1536":"https:\/\/victoriaarduino.com\/wp-content\/uploads\/2025\/05\/immagine-1536x914.jpg","1536x1536-width":1536,"1536x1536-height":914,"2048x2048":"https:\/\/victoriaarduino.com\/wp-content\/uploads\/2025\/05\/immagine-2048x1218.jpg","2048x2048-width":2048,"2048x2048-height":1218}},"home_global_img":{"ID":5473,"id":5473,"title":"Banner design@2x","filename":"Banner-design@2x.webp","filesize":99076,"url":"https:\/\/victoriaarduino.com\/wp-content\/uploads\/2025\/03\/Banner-design@2x.webp","link":"https:\/\/victoriaarduino.com\/de\/startseite\/banner-design2x-2\/","alt":"","author":"1","description":"","caption":"","name":"banner-design2x-2","status":"inherit","uploaded_to":5463,"date":"2025-03-06 11:17:22","modified":"2025-03-06 11:17:22","menu_order":0,"mime_type":"image\/webp","type":"image","subtype":"webp","icon":"https:\/\/victoriaarduino.com\/wp-includes\/images\/media\/default.png","width":2880,"height":802,"sizes":{"thumbnail":"https:\/\/victoriaarduino.com\/wp-content\/uploads\/2025\/03\/Banner-design@2x-150x150.webp","thumbnail-width":150,"thumbnail-height":150,"medium":"https:\/\/victoriaarduino.com\/wp-content\/uploads\/2025\/03\/Banner-design@2x-300x84.webp","medium-width":300,"medium-height":84,"medium_large":"https:\/\/victoriaarduino.com\/wp-content\/uploads\/2025\/03\/Banner-design@2x-768x214.webp","medium_large-width":768,"medium_large-height":214,"large":"https:\/\/victoriaarduino.com\/wp-content\/uploads\/2025\/03\/Banner-design@2x-1024x285.webp","large-width":1024,"large-height":285,"1536x1536":"https:\/\/victoriaarduino.com\/wp-content\/uploads\/2025\/03\/Banner-design@2x-1536x428.webp","1536x1536-width":1536,"1536x1536-height":428,"2048x2048":"https:\/\/victoriaarduino.com\/wp-content\/uploads\/2025\/03\/Banner-design@2x-2048x570.webp","2048x2048-width":2048,"2048x2048-height":570}},"home_legends_link":{"title":"Entdecken Sie das hervorragende Schleifen  ","url":"https:\/\/victoriaarduino.com\/products-machines\/mythos\/","target":""},"home_global_link":{"title":"Globale Pr\u00e4senz","url":"\/locations","target":""},"home_legends_description":"<div class=\"comment-li-wrapper _35x2ayZAjh7TZ365Wfcs88 highlight hovered-pin\" data-testid=\"comment-li-wrapper\">\n<div id=\"\/assets\/urn:aaid:sc:US:e40e5206-8c5a-408d-bb66-f1d7b1dea735\/annots\/cb01de8d-4670-4f63-ad9f-c66335054808\" class=\"comment-wrapper\" role=\"comment\">\n<div class=\"comment-content-wrapper\">\n<div class=\"row\">\n<div class=\"comment-text-controls-container\">\n<div class=\"comment-text\">\n<div>Seit 2013 ist die Kaffeem\u00fchle Mythos von Victoria Arduino ein Meisterwerk der Innovation, das die Standards f\u00fcr Pr\u00e4zision und Kontrolle beim Kaffeemahlen neu definiert.<\/div>\n<\/div>\n<\/div>\n<\/div>\n<\/div>\n<\/div>\n<\/div>\n<p>Sie wurde von den besten Kaffeeprofis der Welt ausgew\u00e4hlt und ist die offizielle Kaffeem\u00fchle der World Barista Championship. Sie verk\u00f6rpert un\u00fcbertroffene Zuverl\u00e4ssigkeit und Leistung f\u00fcr alle, die Perfektion verlangen.<\/p>\n","home_hero_slider":[{"section_title":"unsere Marke","title":"Seit 1905 verbinden wir Design und Technologie, um Ihre Leidenschaft f\u00fcr Kaffee und Spitzenleistungen zum Leben zu erwecken.","link":{"title":"Inspiriert sein","url":"https:\/\/victoriaarduino.com\/heritage\/","target":""},"img":false,"video":{"ID":5477,"id":5477,"title":"CLIP VA EO","filename":"CLIP-VA-EO.mp4","filesize":4523778,"url":"https:\/\/victoriaarduino.com\/wp-content\/uploads\/2025\/05\/CLIP-VA-EO.mp4","link":"https:\/\/victoriaarduino.com\/de\/startseite\/clip-va-eo-2\/","alt":"","author":"2","description":"","caption":"","name":"clip-va-eo-2","status":"inherit","uploaded_to":5463,"date":"2025-05-23 10:59:39","modified":"2025-05-23 10:59:39","menu_order":0,"mime_type":"video\/mp4","type":"video","subtype":"mp4","icon":"https:\/\/victoriaarduino.com\/wp-includes\/images\/media\/video.png","width":960,"height":540}}],"home_products_view_all":"https:\/\/victoriaarduino.com\/de\/vergleichen\/"},"yoast_head":"<!-- This site is optimized with the Yoast SEO plugin v27.4 - https:\/\/yoast.com\/product\/yoast-seo-wordpress\/ -->\n<title>Homepage - Victoria Arduino<\/title>\n<meta name=\"description\" content=\"Willkommen auf der Homepage von Victoria Arduino. Entdecken Sie die neuesten Innovationen und erkunden Sie unsere exklusiven Produkte, die Sie \u00fcberraschen und inspirieren werden.\" \/>\n<meta name=\"robots\" content=\"index, follow, max-snippet:-1, max-image-preview:large, max-video-preview:-1\" \/>\n<link rel=\"canonical\" href=\"https:\/\/victoriaarduino.com\/de\/\" \/>\n<meta property=\"og:locale\" content=\"de_DE\" \/>\n<meta property=\"og:type\" content=\"article\" \/>\n<meta property=\"og:title\" content=\"Homepage - Victoria Arduino\" \/>\n<meta property=\"og:description\" content=\"Willkommen auf der Homepage von Victoria Arduino. Entdecken Sie die neuesten Innovationen und erkunden Sie unsere exklusiven Produkte, die Sie \u00fcberraschen und inspirieren werden.\" \/>\n<meta property=\"og:url\" content=\"https:\/\/victoriaarduino.com\/de\/\" \/>\n<meta property=\"og:site_name\" content=\"Victoria Arduino\" \/>\n<meta property=\"article:modified_time\" content=\"2025-08-29T15:22:33+00:00\" \/>\n<meta name=\"twitter:card\" content=\"summary_large_image\" \/>\n<script type=\"application\/ld+json\" class=\"yoast-schema-graph\">{\"@context\":\"https:\\\/\\\/schema.org\",\"@graph\":[{\"@type\":\"WebPage\",\"@id\":\"https:\\\/\\\/victoriaarduino.com\\\/de\\\/\",\"url\":\"https:\\\/\\\/victoriaarduino.com\\\/de\\\/\",\"name\":\"Homepage - Victoria Arduino\",\"isPartOf\":{\"@id\":\"https:\\\/\\\/victoriaarduino.com\\\/de\\\/#website\"},\"datePublished\":\"2025-03-04T09:38:04+00:00\",\"dateModified\":\"2025-08-29T15:22:33+00:00\",\"description\":\"Willkommen auf der Homepage von Victoria Arduino. Entdecken Sie die neuesten Innovationen und erkunden Sie unsere exklusiven Produkte, die Sie \u00fcberraschen und inspirieren werden.\",\"breadcrumb\":{\"@id\":\"https:\\\/\\\/victoriaarduino.com\\\/de\\\/#breadcrumb\"},\"inLanguage\":\"de\",\"potentialAction\":[{\"@type\":\"ReadAction\",\"target\":[\"https:\\\/\\\/victoriaarduino.com\\\/de\\\/\"]}]},{\"@type\":\"BreadcrumbList\",\"@id\":\"https:\\\/\\\/victoriaarduino.com\\\/de\\\/#breadcrumb\",\"itemListElement\":[{\"@type\":\"ListItem\",\"position\":1,\"name\":\"Startseite\",\"item\":\"https:\\\/\\\/victoriaarduino.com\\\/de\\\/startseite\\\/\"},{\"@type\":\"ListItem\",\"position\":2,\"name\":\"Homepage\"}]},{\"@type\":\"WebSite\",\"@id\":\"https:\\\/\\\/victoriaarduino.com\\\/de\\\/#website\",\"url\":\"https:\\\/\\\/victoriaarduino.com\\\/de\\\/\",\"name\":\"Victoria Arduino\",\"description\":\"\",\"potentialAction\":[{\"@type\":\"SearchAction\",\"target\":{\"@type\":\"EntryPoint\",\"urlTemplate\":\"https:\\\/\\\/victoriaarduino.com\\\/de\\\/?s={search_term_string}\"},\"query-input\":{\"@type\":\"PropertyValueSpecification\",\"valueRequired\":true,\"valueName\":\"search_term_string\"}}],\"inLanguage\":\"de\"}]}<\/script>\n<!-- \/ Yoast SEO plugin. -->","yoast_head_json":{"title":"Homepage - Victoria Arduino","description":"Willkommen auf der Homepage von Victoria Arduino. Entdecken Sie die neuesten Innovationen und erkunden Sie unsere exklusiven Produkte, die Sie \u00fcberraschen und inspirieren werden.","robots":{"index":"index","follow":"follow","max-snippet":"max-snippet:-1","max-image-preview":"max-image-preview:large","max-video-preview":"max-video-preview:-1"},"canonical":"https:\/\/victoriaarduino.com\/de\/","og_locale":"de_DE","og_type":"article","og_title":"Homepage - Victoria Arduino","og_description":"Willkommen auf der Homepage von Victoria Arduino. Entdecken Sie die neuesten Innovationen und erkunden Sie unsere exklusiven Produkte, die Sie \u00fcberraschen und inspirieren werden.","og_url":"https:\/\/victoriaarduino.com\/de\/","og_site_name":"Victoria Arduino","article_modified_time":"2025-08-29T15:22:33+00:00","twitter_card":"summary_large_image","schema":{"@context":"https:\/\/schema.org","@graph":[{"@type":"WebPage","@id":"https:\/\/victoriaarduino.com\/de\/","url":"https:\/\/victoriaarduino.com\/de\/","name":"Homepage - Victoria Arduino","isPartOf":{"@id":"https:\/\/victoriaarduino.com\/de\/#website"},"datePublished":"2025-03-04T09:38:04+00:00","dateModified":"2025-08-29T15:22:33+00:00","description":"Willkommen auf der Homepage von Victoria Arduino. Entdecken Sie die neuesten Innovationen und erkunden Sie unsere exklusiven Produkte, die Sie \u00fcberraschen und inspirieren werden.","breadcrumb":{"@id":"https:\/\/victoriaarduino.com\/de\/#breadcrumb"},"inLanguage":"de","potentialAction":[{"@type":"ReadAction","target":["https:\/\/victoriaarduino.com\/de\/"]}]},{"@type":"BreadcrumbList","@id":"https:\/\/victoriaarduino.com\/de\/#breadcrumb","itemListElement":[{"@type":"ListItem","position":1,"name":"Startseite","item":"https:\/\/victoriaarduino.com\/de\/startseite\/"},{"@type":"ListItem","position":2,"name":"Homepage"}]},{"@type":"WebSite","@id":"https:\/\/victoriaarduino.com\/de\/#website","url":"https:\/\/victoriaarduino.com\/de\/","name":"Victoria Arduino","description":"","potentialAction":[{"@type":"SearchAction","target":{"@type":"EntryPoint","urlTemplate":"https:\/\/victoriaarduino.com\/de\/?s={search_term_string}"},"query-input":{"@type":"PropertyValueSpecification","valueRequired":true,"valueName":"search_term_string"}}],"inLanguage":"de"}]}},"_links":{"self":[{"href":"https:\/\/victoriaarduino.com\/de\/wp-json\/wp\/v2\/pages\/5463","targetHints":{"allow":["GET"]}}],"collection":[{"href":"https:\/\/victoriaarduino.com\/de\/wp-json\/wp\/v2\/pages"}],"about":[{"href":"https:\/\/victoriaarduino.com\/de\/wp-json\/wp\/v2\/types\/page"}],"author":[{"embeddable":true,"href":"https:\/\/victoriaarduino.com\/de\/wp-json\/wp\/v2\/users\/1"}],"replies":[{"embeddable":true,"href":"https:\/\/victoriaarduino.com\/de\/wp-json\/wp\/v2\/comments?post=5463"}],"version-history":[{"count":1,"href":"https:\/\/victoriaarduino.com\/de\/wp-json\/wp\/v2\/pages\/5463\/revisions"}],"predecessor-version":[{"id":8082,"href":"https:\/\/victoriaarduino.com\/de\/wp-json\/wp\/v2\/pages\/5463\/revisions\/8082"}],"wp:attachment":[{"href":"https:\/\/victoriaarduino.com\/de\/wp-json\/wp\/v2\/media?parent=5463"}],"curies":[{"name":"wp","href":"https:\/\/api.w.org\/{rel}","templated":true}]}}