{"id":5188,"date":"2025-05-12T14:17:53","date_gmt":"2025-05-12T12:17:53","guid":{"rendered":"https:\/\/victoriaarduino.com\/iniciar-sesion\/"},"modified":"2025-05-12T14:17:53","modified_gmt":"2025-05-12T12:17:53","slug":"iniciar-sesion","status":"publish","type":"page","link":"https:\/\/victoriaarduino.com\/es\/iniciar-sesion\/","title":{"rendered":"Iniciar sesi\u00f3n"},"content":{"rendered":"","protected":false},"excerpt":{"rendered":"","protected":false},"author":1,"featured_media":0,"parent":0,"menu_order":0,"comment_status":"closed","ping_status":"closed","template":"custom-login-page.php","meta":{"_acf_changed":false,"inline_featured_image":false},"class_list":["post-5188","page","type-page","status-publish","hentry"],"acf":{"header_style":"default","header_mode":"default"},"yoast_head":"<!-- This site is optimized with the Yoast SEO plugin v27.4 - https:\/\/yoast.com\/product\/yoast-seo-wordpress\/ -->\n<title>Iniciar sesi\u00f3n - Victoria Arduino<\/title>\n<meta name=\"description\" content=\"Inicie sesi\u00f3n, descubra las \u00faltimas actualizaciones y acceda a contenido exclusivo del mundo de Victoria Arduino.\" \/>\n<meta name=\"robots\" content=\"index, follow, max-snippet:-1, max-image-preview:large, max-video-preview:-1\" \/>\n<link rel=\"canonical\" href=\"https:\/\/victoriaarduino.com\/es\/iniciar-sesion\/\" \/>\n<meta property=\"og:locale\" content=\"es_ES\" \/>\n<meta property=\"og:type\" content=\"article\" \/>\n<meta property=\"og:title\" content=\"Iniciar sesi\u00f3n - Victoria Arduino\" \/>\n<meta property=\"og:description\" content=\"Inicie sesi\u00f3n, descubra las \u00faltimas actualizaciones y acceda a contenido exclusivo del mundo de Victoria Arduino.\" \/>\n<meta property=\"og:url\" content=\"https:\/\/victoriaarduino.com\/es\/iniciar-sesion\/\" \/>\n<meta property=\"og:site_name\" content=\"Victoria Arduino\" \/>\n<meta name=\"twitter:card\" content=\"summary_large_image\" \/>\n<script type=\"application\/ld+json\" class=\"yoast-schema-graph\">{\"@context\":\"https:\\\/\\\/schema.org\",\"@graph\":[{\"@type\":\"WebPage\",\"@id\":\"https:\\\/\\\/victoriaarduino.com\\\/es\\\/iniciar-sesion\\\/\",\"url\":\"https:\\\/\\\/victoriaarduino.com\\\/es\\\/iniciar-sesion\\\/\",\"name\":\"Iniciar sesi\u00f3n - Victoria Arduino\",\"isPartOf\":{\"@id\":\"https:\\\/\\\/victoriaarduino.com\\\/es\\\/#website\"},\"datePublished\":\"2025-05-12T12:17:53+00:00\",\"description\":\"Inicie sesi\u00f3n, descubra las \u00faltimas actualizaciones y acceda a contenido exclusivo del mundo de Victoria Arduino.\",\"breadcrumb\":{\"@id\":\"https:\\\/\\\/victoriaarduino.com\\\/es\\\/iniciar-sesion\\\/#breadcrumb\"},\"inLanguage\":\"es\",\"potentialAction\":[{\"@type\":\"ReadAction\",\"target\":[\"https:\\\/\\\/victoriaarduino.com\\\/es\\\/iniciar-sesion\\\/\"]}]},{\"@type\":\"BreadcrumbList\",\"@id\":\"https:\\\/\\\/victoriaarduino.com\\\/es\\\/iniciar-sesion\\\/#breadcrumb\",\"itemListElement\":[{\"@type\":\"ListItem\",\"position\":1,\"name\":\"Inicio\",\"item\":\"https:\\\/\\\/victoriaarduino.com\\\/es\\\/pagina-de-inicio\\\/\"},{\"@type\":\"ListItem\",\"position\":2,\"name\":\"Iniciar sesi\u00f3n\"}]},{\"@type\":\"WebSite\",\"@id\":\"https:\\\/\\\/victoriaarduino.com\\\/es\\\/#website\",\"url\":\"https:\\\/\\\/victoriaarduino.com\\\/es\\\/\",\"name\":\"Victoria Arduino\",\"description\":\"\",\"potentialAction\":[{\"@type\":\"SearchAction\",\"target\":{\"@type\":\"EntryPoint\",\"urlTemplate\":\"https:\\\/\\\/victoriaarduino.com\\\/es\\\/?s={search_term_string}\"},\"query-input\":{\"@type\":\"PropertyValueSpecification\",\"valueRequired\":true,\"valueName\":\"search_term_string\"}}],\"inLanguage\":\"es\"}]}<\/script>\n<!-- \/ Yoast SEO plugin. -->","yoast_head_json":{"title":"Iniciar sesi\u00f3n - Victoria Arduino","description":"Inicie sesi\u00f3n, descubra las \u00faltimas actualizaciones y acceda a contenido exclusivo del mundo de Victoria Arduino.","robots":{"index":"index","follow":"follow","max-snippet":"max-snippet:-1","max-image-preview":"max-image-preview:large","max-video-preview":"max-video-preview:-1"},"canonical":"https:\/\/victoriaarduino.com\/es\/iniciar-sesion\/","og_locale":"es_ES","og_type":"article","og_title":"Iniciar sesi\u00f3n - Victoria Arduino","og_description":"Inicie sesi\u00f3n, descubra las \u00faltimas actualizaciones y acceda a contenido exclusivo del mundo de Victoria Arduino.","og_url":"https:\/\/victoriaarduino.com\/es\/iniciar-sesion\/","og_site_name":"Victoria Arduino","twitter_card":"summary_large_image","schema":{"@context":"https:\/\/schema.org","@graph":[{"@type":"WebPage","@id":"https:\/\/victoriaarduino.com\/es\/iniciar-sesion\/","url":"https:\/\/victoriaarduino.com\/es\/iniciar-sesion\/","name":"Iniciar sesi\u00f3n - Victoria Arduino","isPartOf":{"@id":"https:\/\/victoriaarduino.com\/es\/#website"},"datePublished":"2025-05-12T12:17:53+00:00","description":"Inicie sesi\u00f3n, descubra las \u00faltimas actualizaciones y acceda a contenido exclusivo del mundo de Victoria Arduino.","breadcrumb":{"@id":"https:\/\/victoriaarduino.com\/es\/iniciar-sesion\/#breadcrumb"},"inLanguage":"es","potentialAction":[{"@type":"ReadAction","target":["https:\/\/victoriaarduino.com\/es\/iniciar-sesion\/"]}]},{"@type":"BreadcrumbList","@id":"https:\/\/victoriaarduino.com\/es\/iniciar-sesion\/#breadcrumb","itemListElement":[{"@type":"ListItem","position":1,"name":"Inicio","item":"https:\/\/victoriaarduino.com\/es\/pagina-de-inicio\/"},{"@type":"ListItem","position":2,"name":"Iniciar sesi\u00f3n"}]},{"@type":"WebSite","@id":"https:\/\/victoriaarduino.com\/es\/#website","url":"https:\/\/victoriaarduino.com\/es\/","name":"Victoria Arduino","description":"","potentialAction":[{"@type":"SearchAction","target":{"@type":"EntryPoint","urlTemplate":"https:\/\/victoriaarduino.com\/es\/?s={search_term_string}"},"query-input":{"@type":"PropertyValueSpecification","valueRequired":true,"valueName":"search_term_string"}}],"inLanguage":"es"}]}},"_links":{"self":[{"href":"https:\/\/victoriaarduino.com\/es\/wp-json\/wp\/v2\/pages\/5188","targetHints":{"allow":["GET"]}}],"collection":[{"href":"https:\/\/victoriaarduino.com\/es\/wp-json\/wp\/v2\/pages"}],"about":[{"href":"https:\/\/victoriaarduino.com\/es\/wp-json\/wp\/v2\/types\/page"}],"author":[{"embeddable":true,"href":"https:\/\/victoriaarduino.com\/es\/wp-json\/wp\/v2\/users\/1"}],"replies":[{"embeddable":true,"href":"https:\/\/victoriaarduino.com\/es\/wp-json\/wp\/v2\/comments?post=5188"}],"version-history":[{"count":0,"href":"https:\/\/victoriaarduino.com\/es\/wp-json\/wp\/v2\/pages\/5188\/revisions"}],"wp:attachment":[{"href":"https:\/\/victoriaarduino.com\/es\/wp-json\/wp\/v2\/media?parent=5188"}],"curies":[{"name":"wp","href":"https:\/\/api.w.org\/{rel}","templated":true}]}}