{"id":5193,"date":"2025-03-28T16:07:03","date_gmt":"2025-03-28T15:07:03","guid":{"rendered":"https:\/\/victoriaarduino.com\/comparar\/"},"modified":"2025-06-23T10:49:41","modified_gmt":"2025-06-23T08:49:41","slug":"comparar","status":"publish","type":"page","link":"https:\/\/victoriaarduino.com\/es\/comparar\/","title":{"rendered":"Compara"},"content":{"rendered":"","protected":false},"excerpt":{"rendered":"","protected":false},"author":1,"featured_media":0,"parent":0,"menu_order":0,"comment_status":"closed","ping_status":"closed","template":"templates\/compare.php","meta":{"_acf_changed":false,"inline_featured_image":false},"class_list":["post-5193","page","type-page","status-publish","hentry"],"acf":{"header_style":"transparent","header_mode":"default","compare_hero_video":{"ID":5483,"id":5483,"title":"VA-ATTERRAGGIO-WEBSITE (1)","filename":"VA-ATTERRAGGIO-WEBSITE-1.mp4","filesize":4734084,"url":"https:\/\/victoriaarduino.com\/wp-content\/uploads\/2025\/03\/VA-ATTERRAGGIO-WEBSITE-1.mp4","link":"https:\/\/victoriaarduino.com\/es\/pagina-de-inicio\/va-atterraggio-website-1-2\/","alt":"","author":"1","description":"","caption":"","name":"va-atterraggio-website-1-2","status":"inherit","uploaded_to":5481,"date":"2025-03-05 09:51:57","modified":"2025-03-05 09:51:57","menu_order":0,"mime_type":"video\/mp4","type":"video","subtype":"mp4","icon":"https:\/\/victoriaarduino.com\/wp-includes\/images\/media\/video.png","width":1080,"height":1350},"compare_hero_img":{"ID":6528,"id":6528,"title":"Screenshot 2025-03-03 at 17.47.35@2x","filename":"Screenshot-2025-03-03-at-17.47.35@2x.webp","filesize":47546,"url":"https:\/\/victoriaarduino.com\/wp-content\/uploads\/2025\/03\/Screenshot-2025-03-03-at-17.47.35@2x.webp","link":"https:\/\/victoriaarduino.com\/es\/products-machines\/black-eagle-va388\/screenshot-2025-03-03-at-17-47-352x-2\/","alt":"","author":"1","description":"","caption":"","name":"screenshot-2025-03-03-at-17-47-352x-2","status":"inherit","uploaded_to":6514,"date":"2025-03-27 09:17:08","modified":"2025-03-27 09:17:08","menu_order":0,"mime_type":"image\/webp","type":"image","subtype":"webp","icon":"https:\/\/victoriaarduino.com\/wp-includes\/images\/media\/default.png","width":1440,"height":824,"sizes":{"thumbnail":"https:\/\/victoriaarduino.com\/wp-content\/uploads\/2025\/03\/Screenshot-2025-03-03-at-17.47.35@2x-150x150.webp","thumbnail-width":150,"thumbnail-height":150,"medium":"https:\/\/victoriaarduino.com\/wp-content\/uploads\/2025\/03\/Screenshot-2025-03-03-at-17.47.35@2x-300x172.webp","medium-width":300,"medium-height":172,"medium_large":"https:\/\/victoriaarduino.com\/wp-content\/uploads\/2025\/03\/Screenshot-2025-03-03-at-17.47.35@2x-768x439.webp","medium_large-width":768,"medium_large-height":439,"large":"https:\/\/victoriaarduino.com\/wp-content\/uploads\/2025\/03\/Screenshot-2025-03-03-at-17.47.35@2x-1024x586.webp","large-width":1024,"large-height":586,"1536x1536":"https:\/\/victoriaarduino.com\/wp-content\/uploads\/2025\/03\/Screenshot-2025-03-03-at-17.47.35@2x.webp","1536x1536-width":1440,"1536x1536-height":824,"2048x2048":"https:\/\/victoriaarduino.com\/wp-content\/uploads\/2025\/03\/Screenshot-2025-03-03-at-17.47.35@2x.webp","2048x2048-width":1440,"2048x2048-height":824}},"compare_hero_subtitle":"PASI\u00d3N ETERNA","compare_hero_title":"Productos ic\u00f3nicos","compare_products_title":"Donde nacen los h\u00e9roes","compare_products_description":"<p><strong>El antiguo arte del caf\u00e9 sigue vivo en nuestras m\u00e1quinas.<\/strong><\/p>\n<div class=\"comment-li-wrapper _35x2ayZAjh7TZ365Wfcs88\" data-testid=\"comment-li-wrapper\">\n<div id=\"\/assets\/urn:aaid:sc:US:e40e5206-8c5a-408d-bb66-f1d7b1dea735\/annots\/e8c80014-95a3-40ae-83b2-405b2d645711\" class=\"comment-wrapper\" role=\"comment\">\n<div class=\"comment-content-wrapper\">\n<div class=\"row\">\n<div class=\"comment-text-controls-container\">\n<div class=\"comment-text\">\n<div>Forjados para liderar y dise\u00f1ados para inspirar, nuestros productos Heroic encarnan el esp\u00edritu de la innovaci\u00f3n y la excelencia atemporal. Nuestras m\u00e1quinas superan los l\u00edmites, mostrando lo que es realmente posible en el arte de hacer caf\u00e9.   <\/div>\n<\/div>\n<\/div>\n<\/div>\n<\/div>\n<\/div>\n<\/div>\n","compare_products_link":{"title":"Comparar picadoras","url":"https:\/\/victoriaarduino.com\/products-machines\/mythos\/","target":""},"compare_banner_section_title":"PATRIMONIO","compare_banner_title":"Estas creaciones excepcionales reflejan un legado de innovaci\u00f3n y esp\u00edritu visionario, nacido de un patrimonio que merece la pena descubrir.","compare_banner_img":{"ID":7139,"id":7139,"title":"sustainability","filename":"sustainability.jpg","filesize":704189,"url":"https:\/\/victoriaarduino.com\/wp-content\/uploads\/2025\/03\/sustainability.jpg","link":"https:\/\/victoriaarduino.com\/es\/products-machines\/eagle-tempo\/sustainability-8-2\/","alt":"","author":"1","description":"","caption":"","name":"sustainability-8-2","status":"inherit","uploaded_to":7119,"date":"2025-04-02 14:02:31","modified":"2025-04-02 14:02:31","menu_order":0,"mime_type":"image\/jpeg","type":"image","subtype":"jpeg","icon":"https:\/\/victoriaarduino.com\/wp-includes\/images\/media\/default.png","width":1080,"height":848,"sizes":{"thumbnail":"https:\/\/victoriaarduino.com\/wp-content\/uploads\/2025\/03\/sustainability-150x150.jpg","thumbnail-width":150,"thumbnail-height":150,"medium":"https:\/\/victoriaarduino.com\/wp-content\/uploads\/2025\/03\/sustainability-300x236.jpg","medium-width":300,"medium-height":236,"medium_large":"https:\/\/victoriaarduino.com\/wp-content\/uploads\/2025\/03\/sustainability-768x603.jpg","medium_large-width":768,"medium_large-height":603,"large":"https:\/\/victoriaarduino.com\/wp-content\/uploads\/2025\/03\/sustainability-1024x804.jpg","large-width":1024,"large-height":804,"1536x1536":"https:\/\/victoriaarduino.com\/wp-content\/uploads\/2025\/03\/sustainability.jpg","1536x1536-width":1080,"1536x1536-height":848,"2048x2048":"https:\/\/victoriaarduino.com\/wp-content\/uploads\/2025\/03\/sustainability.jpg","2048x2048-width":1080,"2048x2048-height":848}}},"yoast_head":"<!-- This site is optimized with the Yoast SEO plugin v27.4 - https:\/\/yoast.com\/product\/yoast-seo-wordpress\/ -->\n<title>Compara - Victoria Arduino<\/title>\n<meta name=\"description\" content=\"Compara los productos ic\u00f3nicos de Victoria Arduino y d\u00e9jate llevar por su excelencia.\" \/>\n<meta name=\"robots\" content=\"index, follow, max-snippet:-1, max-image-preview:large, max-video-preview:-1\" \/>\n<link rel=\"canonical\" href=\"https:\/\/victoriaarduino.com\/es\/comparar\/\" \/>\n<meta property=\"og:locale\" content=\"es_ES\" \/>\n<meta property=\"og:type\" content=\"article\" \/>\n<meta property=\"og:title\" content=\"Compara - Victoria Arduino\" \/>\n<meta property=\"og:description\" content=\"Compara los productos ic\u00f3nicos de Victoria Arduino y d\u00e9jate llevar por su excelencia.\" \/>\n<meta property=\"og:url\" content=\"https:\/\/victoriaarduino.com\/es\/comparar\/\" \/>\n<meta property=\"og:site_name\" content=\"Victoria Arduino\" \/>\n<meta property=\"article:modified_time\" content=\"2025-06-23T08:49:41+00:00\" \/>\n<meta name=\"twitter:card\" content=\"summary_large_image\" \/>\n<script type=\"application\/ld+json\" class=\"yoast-schema-graph\">{\"@context\":\"https:\\\/\\\/schema.org\",\"@graph\":[{\"@type\":\"WebPage\",\"@id\":\"https:\\\/\\\/victoriaarduino.com\\\/es\\\/comparar\\\/\",\"url\":\"https:\\\/\\\/victoriaarduino.com\\\/es\\\/comparar\\\/\",\"name\":\"Compara - Victoria Arduino\",\"isPartOf\":{\"@id\":\"https:\\\/\\\/victoriaarduino.com\\\/es\\\/#website\"},\"datePublished\":\"2025-03-28T15:07:03+00:00\",\"dateModified\":\"2025-06-23T08:49:41+00:00\",\"description\":\"Compara los productos ic\u00f3nicos de Victoria Arduino y d\u00e9jate llevar por su excelencia.\",\"breadcrumb\":{\"@id\":\"https:\\\/\\\/victoriaarduino.com\\\/es\\\/comparar\\\/#breadcrumb\"},\"inLanguage\":\"es\",\"potentialAction\":[{\"@type\":\"ReadAction\",\"target\":[\"https:\\\/\\\/victoriaarduino.com\\\/es\\\/comparar\\\/\"]}]},{\"@type\":\"BreadcrumbList\",\"@id\":\"https:\\\/\\\/victoriaarduino.com\\\/es\\\/comparar\\\/#breadcrumb\",\"itemListElement\":[{\"@type\":\"ListItem\",\"position\":1,\"name\":\"Inicio\",\"item\":\"https:\\\/\\\/victoriaarduino.com\\\/es\\\/pagina-de-inicio\\\/\"},{\"@type\":\"ListItem\",\"position\":2,\"name\":\"Compara\"}]},{\"@type\":\"WebSite\",\"@id\":\"https:\\\/\\\/victoriaarduino.com\\\/es\\\/#website\",\"url\":\"https:\\\/\\\/victoriaarduino.com\\\/es\\\/\",\"name\":\"Victoria Arduino\",\"description\":\"\",\"potentialAction\":[{\"@type\":\"SearchAction\",\"target\":{\"@type\":\"EntryPoint\",\"urlTemplate\":\"https:\\\/\\\/victoriaarduino.com\\\/es\\\/?s={search_term_string}\"},\"query-input\":{\"@type\":\"PropertyValueSpecification\",\"valueRequired\":true,\"valueName\":\"search_term_string\"}}],\"inLanguage\":\"es\"}]}<\/script>\n<!-- \/ Yoast SEO plugin. -->","yoast_head_json":{"title":"Compara - Victoria Arduino","description":"Compara los productos ic\u00f3nicos de Victoria Arduino y d\u00e9jate llevar por su excelencia.","robots":{"index":"index","follow":"follow","max-snippet":"max-snippet:-1","max-image-preview":"max-image-preview:large","max-video-preview":"max-video-preview:-1"},"canonical":"https:\/\/victoriaarduino.com\/es\/comparar\/","og_locale":"es_ES","og_type":"article","og_title":"Compara - Victoria Arduino","og_description":"Compara los productos ic\u00f3nicos de Victoria Arduino y d\u00e9jate llevar por su excelencia.","og_url":"https:\/\/victoriaarduino.com\/es\/comparar\/","og_site_name":"Victoria Arduino","article_modified_time":"2025-06-23T08:49:41+00:00","twitter_card":"summary_large_image","schema":{"@context":"https:\/\/schema.org","@graph":[{"@type":"WebPage","@id":"https:\/\/victoriaarduino.com\/es\/comparar\/","url":"https:\/\/victoriaarduino.com\/es\/comparar\/","name":"Compara - Victoria Arduino","isPartOf":{"@id":"https:\/\/victoriaarduino.com\/es\/#website"},"datePublished":"2025-03-28T15:07:03+00:00","dateModified":"2025-06-23T08:49:41+00:00","description":"Compara los productos ic\u00f3nicos de Victoria Arduino y d\u00e9jate llevar por su excelencia.","breadcrumb":{"@id":"https:\/\/victoriaarduino.com\/es\/comparar\/#breadcrumb"},"inLanguage":"es","potentialAction":[{"@type":"ReadAction","target":["https:\/\/victoriaarduino.com\/es\/comparar\/"]}]},{"@type":"BreadcrumbList","@id":"https:\/\/victoriaarduino.com\/es\/comparar\/#breadcrumb","itemListElement":[{"@type":"ListItem","position":1,"name":"Inicio","item":"https:\/\/victoriaarduino.com\/es\/pagina-de-inicio\/"},{"@type":"ListItem","position":2,"name":"Compara"}]},{"@type":"WebSite","@id":"https:\/\/victoriaarduino.com\/es\/#website","url":"https:\/\/victoriaarduino.com\/es\/","name":"Victoria Arduino","description":"","potentialAction":[{"@type":"SearchAction","target":{"@type":"EntryPoint","urlTemplate":"https:\/\/victoriaarduino.com\/es\/?s={search_term_string}"},"query-input":{"@type":"PropertyValueSpecification","valueRequired":true,"valueName":"search_term_string"}}],"inLanguage":"es"}]}},"_links":{"self":[{"href":"https:\/\/victoriaarduino.com\/es\/wp-json\/wp\/v2\/pages\/5193","targetHints":{"allow":["GET"]}}],"collection":[{"href":"https:\/\/victoriaarduino.com\/es\/wp-json\/wp\/v2\/pages"}],"about":[{"href":"https:\/\/victoriaarduino.com\/es\/wp-json\/wp\/v2\/types\/page"}],"author":[{"embeddable":true,"href":"https:\/\/victoriaarduino.com\/es\/wp-json\/wp\/v2\/users\/1"}],"replies":[{"embeddable":true,"href":"https:\/\/victoriaarduino.com\/es\/wp-json\/wp\/v2\/comments?post=5193"}],"version-history":[{"count":1,"href":"https:\/\/victoriaarduino.com\/es\/wp-json\/wp\/v2\/pages\/5193\/revisions"}],"predecessor-version":[{"id":8084,"href":"https:\/\/victoriaarduino.com\/es\/wp-json\/wp\/v2\/pages\/5193\/revisions\/8084"}],"wp:attachment":[{"href":"https:\/\/victoriaarduino.com\/es\/wp-json\/wp\/v2\/media?parent=5193"}],"curies":[{"name":"wp","href":"https:\/\/api.w.org\/{rel}","templated":true}]}}