{"id":5481,"date":"2025-03-04T10:38:04","date_gmt":"2025-03-04T09:38:04","guid":{"rendered":"https:\/\/victoriaarduino.com\/pagina-de-inicio\/"},"modified":"2025-08-29T17:22:36","modified_gmt":"2025-08-29T15:22:36","slug":"pagina-de-inicio","status":"publish","type":"page","link":"https:\/\/victoriaarduino.com\/es\/","title":{"rendered":"P\u00e1gina de inicio"},"content":{"rendered":"","protected":false},"excerpt":{"rendered":"","protected":false},"author":1,"featured_media":0,"parent":0,"menu_order":0,"comment_status":"closed","ping_status":"closed","template":"","meta":{"_acf_changed":false,"inline_featured_image":false},"class_list":["post-5481","page","type-page","status-publish","hentry"],"acf":{"home_brand_legacy":{"video":{"ID":5483,"id":5483,"title":"VA-ATTERRAGGIO-WEBSITE (1)","filename":"VA-ATTERRAGGIO-WEBSITE-1.mp4","filesize":4734084,"url":"https:\/\/victoriaarduino.com\/wp-content\/uploads\/2025\/03\/VA-ATTERRAGGIO-WEBSITE-1.mp4","link":"https:\/\/victoriaarduino.com\/es\/pagina-de-inicio\/va-atterraggio-website-1-2\/","alt":"","author":"1","description":"","caption":"","name":"va-atterraggio-website-1-2","status":"inherit","uploaded_to":5481,"date":"2025-03-05 09:51:57","modified":"2025-03-05 09:51:57","menu_order":0,"mime_type":"video\/mp4","type":"video","subtype":"mp4","icon":"https:\/\/victoriaarduino.com\/wp-includes\/images\/media\/video.png","width":1080,"height":1350},"link":{"title":"descubra nuestra historia","url":"https:\/\/victoriaarduino.com\/heritage\/","target":""}},"home_trio_technology":{"img":{"ID":5488,"id":5488,"title":"Group 926@2x","filename":"Group-926@2x.webp","filesize":38062,"url":"https:\/\/victoriaarduino.com\/wp-content\/uploads\/2025\/03\/Group-926@2x.webp","link":"https:\/\/victoriaarduino.com\/es\/pagina-de-inicio\/group-9262x-2\/","alt":"","author":"1","description":"","caption":"","name":"group-9262x-2","status":"inherit","uploaded_to":5481,"date":"2025-03-05 13:13:25","modified":"2025-03-05 13:13:25","menu_order":0,"mime_type":"image\/webp","type":"image","subtype":"webp","icon":"https:\/\/victoriaarduino.com\/wp-includes\/images\/media\/default.png","width":1442,"height":1708,"sizes":{"thumbnail":"https:\/\/victoriaarduino.com\/wp-content\/uploads\/2025\/03\/Group-926@2x-150x150.webp","thumbnail-width":150,"thumbnail-height":150,"medium":"https:\/\/victoriaarduino.com\/wp-content\/uploads\/2025\/03\/Group-926@2x-253x300.webp","medium-width":253,"medium-height":300,"medium_large":"https:\/\/victoriaarduino.com\/wp-content\/uploads\/2025\/03\/Group-926@2x-768x910.webp","medium_large-width":768,"medium_large-height":910,"large":"https:\/\/victoriaarduino.com\/wp-content\/uploads\/2025\/03\/Group-926@2x-865x1024.webp","large-width":865,"large-height":1024,"1536x1536":"https:\/\/victoriaarduino.com\/wp-content\/uploads\/2025\/03\/Group-926@2x-1297x1536.webp","1536x1536-width":1297,"1536x1536-height":1536,"2048x2048":"https:\/\/victoriaarduino.com\/wp-content\/uploads\/2025\/03\/Group-926@2x.webp","2048x2048-width":1442,"2048x2048-height":1708}},"section_title":"TECNOLOG\u00cdA","title":"A la vanguardia de la innovaci\u00f3n","description":"<div class=\"comment-li-wrapper _35x2ayZAjh7TZ365Wfcs88 highlight hovered-pin\" data-testid=\"comment-li-wrapper\">\n<div id=\"\/assets\/urn:aaid:sc:US:e40e5206-8c5a-408d-bb66-f1d7b1dea735\/annots\/9bdd29ef-cfc3-4396-aa9e-0ae68a6588f9\" class=\"comment-wrapper\" role=\"comment\">\n<div class=\"comment-content-wrapper\">\n<div class=\"row\">\n<div class=\"comment-text-controls-container\">\n<div class=\"comment-text\">\n<div>La innovaci\u00f3n siempre ha sido el coraz\u00f3n palpitante de Victoria Arduino. A principios del siglo XX, Pier Teresio Arduino dise\u00f1\u00f3 la primera cafetera espresso inspirada en la potencia y precisi\u00f3n de los trenes de vapor, inaugurando una nueva era de velocidad, estilo y progreso. Ese mismo esp\u00edritu pionero alimenta nuestras m\u00e1quinas de caf\u00e9 hoy en d\u00eda, donde la tradici\u00f3n se une a la tecnolog\u00eda avanzada para ofrecer un rendimiento excepcional y experiencias de caf\u00e9 inolvidables.  <\/div>\n<\/div>\n<\/div>\n<\/div>\n<\/div>\n<\/div>\n<\/div>\n","link":""},"home_trio_sustainability":{"img":{"ID":5490,"id":5490,"title":"Polygone_VA_NS_BWT_-33@2x","filename":"Polygone_VA_NS_BWT_-33@2x.webp","filesize":88974,"url":"https:\/\/victoriaarduino.com\/wp-content\/uploads\/2025\/03\/Polygone_VA_NS_BWT_-33@2x.webp","link":"https:\/\/victoriaarduino.com\/es\/pagina-de-inicio\/polygone_va_ns_bwt_-332x-2\/","alt":"","author":"1","description":"","caption":"","name":"polygone_va_ns_bwt_-332x-2","status":"inherit","uploaded_to":5481,"date":"2025-03-05 13:14:36","modified":"2025-03-05 13:14:36","menu_order":0,"mime_type":"image\/webp","type":"image","subtype":"webp","icon":"https:\/\/victoriaarduino.com\/wp-includes\/images\/media\/default.png","width":2880,"height":800,"sizes":{"thumbnail":"https:\/\/victoriaarduino.com\/wp-content\/uploads\/2025\/03\/Polygone_VA_NS_BWT_-33@2x-150x150.webp","thumbnail-width":150,"thumbnail-height":150,"medium":"https:\/\/victoriaarduino.com\/wp-content\/uploads\/2025\/03\/Polygone_VA_NS_BWT_-33@2x-300x83.webp","medium-width":300,"medium-height":83,"medium_large":"https:\/\/victoriaarduino.com\/wp-content\/uploads\/2025\/03\/Polygone_VA_NS_BWT_-33@2x-768x213.webp","medium_large-width":768,"medium_large-height":213,"large":"https:\/\/victoriaarduino.com\/wp-content\/uploads\/2025\/03\/Polygone_VA_NS_BWT_-33@2x-1024x284.webp","large-width":1024,"large-height":284,"1536x1536":"https:\/\/victoriaarduino.com\/wp-content\/uploads\/2025\/03\/Polygone_VA_NS_BWT_-33@2x-1536x427.webp","1536x1536-width":1536,"1536x1536-height":427,"2048x2048":"https:\/\/victoriaarduino.com\/wp-content\/uploads\/2025\/03\/Polygone_VA_NS_BWT_-33@2x-2048x569.webp","2048x2048-width":2048,"2048x2048-height":569}},"section_title":"SOSTENIBILIDAD","title":"Combinar sostenibilidad y rendimiento","description":"<p>Dise\u00f1amos nuestras m\u00e1quinas de caf\u00e9 con un profundo compromiso con la sostenibilidad, minimizando el impacto medioambiental y maximizando la eficiencia y la durabilidad.<\/p>\n","link":""},"header_style":"transparent","header_mode":"default","home_brand_poster":{"img":{"ID":5484,"id":5484,"title":"Group-426@2x","filename":"Group-426@2x.webp","filesize":49378,"url":"https:\/\/victoriaarduino.com\/wp-content\/uploads\/2025\/03\/Group-426@2x.webp","link":"https:\/\/victoriaarduino.com\/es\/pagina-de-inicio\/group-4262x-2\/","alt":"","author":"1","description":"","caption":"","name":"group-4262x-2","status":"inherit","uploaded_to":5481,"date":"2025-03-05 09:52:03","modified":"2025-03-05 09:52:03","menu_order":0,"mime_type":"image\/webp","type":"image","subtype":"webp","icon":"https:\/\/victoriaarduino.com\/wp-includes\/images\/media\/default.png","width":780,"height":1040,"sizes":{"thumbnail":"https:\/\/victoriaarduino.com\/wp-content\/uploads\/2025\/03\/Group-426@2x-150x150.webp","thumbnail-width":150,"thumbnail-height":150,"medium":"https:\/\/victoriaarduino.com\/wp-content\/uploads\/2025\/03\/Group-426@2x-225x300.webp","medium-width":225,"medium-height":300,"medium_large":"https:\/\/victoriaarduino.com\/wp-content\/uploads\/2025\/03\/Group-426@2x-768x1024.webp","medium_large-width":768,"medium_large-height":1024,"large":"https:\/\/victoriaarduino.com\/wp-content\/uploads\/2025\/03\/Group-426@2x-768x1024.webp","large-width":768,"large-height":1024,"1536x1536":"https:\/\/victoriaarduino.com\/wp-content\/uploads\/2025\/03\/Group-426@2x.webp","1536x1536-width":780,"1536x1536-height":1040,"2048x2048":"https:\/\/victoriaarduino.com\/wp-content\/uploads\/2025\/03\/Group-426@2x.webp","2048x2048-width":780,"2048x2048-height":1040}},"title":"Conozca nuestra marca","description":"<p>Victoria Arduino est\u00e1 impulsada por una pasi\u00f3n inquebrantable por crear experiencias extraordinarias para quienes buscan siempre la perfecci\u00f3n en cada taza. Cada detalle se crea con mimo, garantizando un viaje que encarna la excelencia y el refinamiento. <\/p>\n"},"home_trio_design":{"img":{"ID":5489,"id":5489,"title":"434481149_810737127752578_1428657514536287357_n@2x","filename":"434481149_810737127752578_1428657514536287357_n@2x.webp","filesize":32576,"url":"https:\/\/victoriaarduino.com\/wp-content\/uploads\/2025\/03\/434481149_810737127752578_1428657514536287357_n@2x.webp","link":"https:\/\/victoriaarduino.com\/es\/pagina-de-inicio\/434481149_810737127752578_1428657514536287357_n2x-2\/","alt":"","author":"1","description":"","caption":"","name":"434481149_810737127752578_1428657514536287357_n2x-2","status":"inherit","uploaded_to":5481,"date":"2025-03-05 13:13:26","modified":"2025-03-05 13:13:26","menu_order":0,"mime_type":"image\/webp","type":"image","subtype":"webp","icon":"https:\/\/victoriaarduino.com\/wp-includes\/images\/media\/default.png","width":1442,"height":1708,"sizes":{"thumbnail":"https:\/\/victoriaarduino.com\/wp-content\/uploads\/2025\/03\/434481149_810737127752578_1428657514536287357_n@2x-150x150.webp","thumbnail-width":150,"thumbnail-height":150,"medium":"https:\/\/victoriaarduino.com\/wp-content\/uploads\/2025\/03\/434481149_810737127752578_1428657514536287357_n@2x-253x300.webp","medium-width":253,"medium-height":300,"medium_large":"https:\/\/victoriaarduino.com\/wp-content\/uploads\/2025\/03\/434481149_810737127752578_1428657514536287357_n@2x-768x910.webp","medium_large-width":768,"medium_large-height":910,"large":"https:\/\/victoriaarduino.com\/wp-content\/uploads\/2025\/03\/434481149_810737127752578_1428657514536287357_n@2x-865x1024.webp","large-width":865,"large-height":1024,"1536x1536":"https:\/\/victoriaarduino.com\/wp-content\/uploads\/2025\/03\/434481149_810737127752578_1428657514536287357_n@2x-1297x1536.webp","1536x1536-width":1297,"1536x1536-height":1536,"2048x2048":"https:\/\/victoriaarduino.com\/wp-content\/uploads\/2025\/03\/434481149_810737127752578_1428657514536287357_n@2x.webp","2048x2048-width":1442,"2048x2048-height":1708}},"section_title":"dise\u00f1o","title":"Icono del estilo italiano","description":"<div class=\"comment-li-wrapper _35x2ayZAjh7TZ365Wfcs88 highlight hovered-pin\" data-testid=\"comment-li-wrapper\">\n<div id=\"\/assets\/urn:aaid:sc:US:e40e5206-8c5a-408d-bb66-f1d7b1dea735\/annots\/df6d51f9-79ea-4458-804e-6c6733bccaeb\" class=\"comment-wrapper\" role=\"comment\">\n<div class=\"comment-content-wrapper\">\n<div class=\"row\">\n<div class=\"comment-text-controls-container\">\n<div class=\"comment-text\">\n<div>Victoria Arduino es un s\u00edmbolo de la excelencia del dise\u00f1o italiano, donde la elegancia atemporal se une a la innovaci\u00f3n de vanguardia. Nuestro legado se basa en colaboraciones con los dise\u00f1adores m\u00e1s visionarios de Italia. Desde Leonetto Cappiello en 1922, el ic\u00f3nico futurista que dio forma a nuestra identidad visual, hasta el inconfundible dise\u00f1o de cada m\u00e1quina, Victoria Arduino fusiona arte y tecnolog\u00eda avanzada para crear refinadas experiencias cafeteras.  <\/div>\n<\/div>\n<\/div>\n<\/div>\n<\/div>\n<\/div>\n<\/div>\n","link":{"title":"M\u00e1s informaci\u00f3n","url":"https:\/\/victoriaarduino.com\/storia-del-design\/","target":""}},"home_legends_img_left":{"ID":5487,"id":5487,"title":"Screenshot 2025-01-24 at 09.44.27@2x","filename":"Screenshot-2025-01-24-at-09.44.27@2x.webp","filesize":19694,"url":"https:\/\/victoriaarduino.com\/wp-content\/uploads\/2025\/03\/Screenshot-2025-01-24-at-09.44.27@2x.webp","link":"https:\/\/victoriaarduino.com\/es\/pagina-de-inicio\/screenshot-2025-01-24-at-09-44-272x-2\/","alt":"","author":"1","description":"","caption":"","name":"screenshot-2025-01-24-at-09-44-272x-2","status":"inherit","uploaded_to":5481,"date":"2025-03-05 12:23:50","modified":"2025-03-05 12:23:50","menu_order":0,"mime_type":"image\/webp","type":"image","subtype":"webp","icon":"https:\/\/victoriaarduino.com\/wp-includes\/images\/media\/default.png","width":800,"height":1012,"sizes":{"thumbnail":"https:\/\/victoriaarduino.com\/wp-content\/uploads\/2025\/03\/Screenshot-2025-01-24-at-09.44.27@2x-150x150.webp","thumbnail-width":150,"thumbnail-height":150,"medium":"https:\/\/victoriaarduino.com\/wp-content\/uploads\/2025\/03\/Screenshot-2025-01-24-at-09.44.27@2x-237x300.webp","medium-width":237,"medium-height":300,"medium_large":"https:\/\/victoriaarduino.com\/wp-content\/uploads\/2025\/03\/Screenshot-2025-01-24-at-09.44.27@2x-768x972.webp","medium_large-width":768,"medium_large-height":972,"large":"https:\/\/victoriaarduino.com\/wp-content\/uploads\/2025\/03\/Screenshot-2025-01-24-at-09.44.27@2x.webp","large-width":800,"large-height":1012,"1536x1536":"https:\/\/victoriaarduino.com\/wp-content\/uploads\/2025\/03\/Screenshot-2025-01-24-at-09.44.27@2x.webp","1536x1536-width":800,"1536x1536-height":1012,"2048x2048":"https:\/\/victoriaarduino.com\/wp-content\/uploads\/2025\/03\/Screenshot-2025-01-24-at-09.44.27@2x.webp","2048x2048-width":800,"2048x2048-height":1012}},"home_legends_img_right":{"ID":5492,"id":5492,"title":"mythos-nero-dx-MY75@2x","filename":"mythos-nero-dx-MY75@2x.jpg","filesize":71657,"url":"https:\/\/victoriaarduino.com\/wp-content\/uploads\/2025\/05\/mythos-nero-dx-MY75@2x.jpg","link":"https:\/\/victoriaarduino.com\/es\/pagina-de-inicio\/mythos-nero-dx-my752x-2-2\/","alt":"","author":"1","description":"","caption":"","name":"mythos-nero-dx-my752x-2-2","status":"inherit","uploaded_to":5481,"date":"2025-05-15 06:19:33","modified":"2025-05-15 06:19:33","menu_order":0,"mime_type":"image\/jpeg","type":"image","subtype":"jpeg","icon":"https:\/\/victoriaarduino.com\/wp-includes\/images\/media\/default.png","width":800,"height":1012,"sizes":{"thumbnail":"https:\/\/victoriaarduino.com\/wp-content\/uploads\/2025\/05\/mythos-nero-dx-MY75@2x-150x150.jpg","thumbnail-width":150,"thumbnail-height":150,"medium":"https:\/\/victoriaarduino.com\/wp-content\/uploads\/2025\/05\/mythos-nero-dx-MY75@2x-237x300.jpg","medium-width":237,"medium-height":300,"medium_large":"https:\/\/victoriaarduino.com\/wp-content\/uploads\/2025\/05\/mythos-nero-dx-MY75@2x-768x972.jpg","medium_large-width":768,"medium_large-height":972,"large":"https:\/\/victoriaarduino.com\/wp-content\/uploads\/2025\/05\/mythos-nero-dx-MY75@2x.jpg","large-width":800,"large-height":1012,"1536x1536":"https:\/\/victoriaarduino.com\/wp-content\/uploads\/2025\/05\/mythos-nero-dx-MY75@2x.jpg","1536x1536-width":800,"1536x1536-height":1012,"2048x2048":"https:\/\/victoriaarduino.com\/wp-content\/uploads\/2025\/05\/mythos-nero-dx-MY75@2x.jpg","2048x2048-width":800,"2048x2048-height":1012}},"home_products_section_title":"PRODUCTOS EMBLEM\u00c1TICOS","home_products_title":"Nacidos para ser h\u00e9roes","home_legends_title":"Mythos se convierte en leyenda","home_stories_title":"Noticias del mundo","home_feed_section_title":"PRESENCIA SOCIAL","home_global_section_title":"PRESENCIA MUNDIAL","home_global_title":"Con una s\u00f3lida red mundial, nos mantenemos cerca de las comunidades cafeteras de todo el mundo.","home_brand_banner_img":{"ID":5494,"id":5494,"title":"immagine","filename":"immagine.jpg","filesize":312682,"url":"https:\/\/victoriaarduino.com\/wp-content\/uploads\/2025\/05\/immagine.jpg","link":"https:\/\/victoriaarduino.com\/es\/pagina-de-inicio\/immagine-2\/","alt":"","author":"1","description":"","caption":"","name":"immagine-2","status":"inherit","uploaded_to":5481,"date":"2025-05-16 08:46:32","modified":"2025-05-16 08:46:32","menu_order":0,"mime_type":"image\/jpeg","type":"image","subtype":"jpeg","icon":"https:\/\/victoriaarduino.com\/wp-includes\/images\/media\/default.png","width":2500,"height":1487,"sizes":{"thumbnail":"https:\/\/victoriaarduino.com\/wp-content\/uploads\/2025\/05\/immagine-150x150.jpg","thumbnail-width":150,"thumbnail-height":150,"medium":"https:\/\/victoriaarduino.com\/wp-content\/uploads\/2025\/05\/immagine-300x178.jpg","medium-width":300,"medium-height":178,"medium_large":"https:\/\/victoriaarduino.com\/wp-content\/uploads\/2025\/05\/immagine-768x457.jpg","medium_large-width":768,"medium_large-height":457,"large":"https:\/\/victoriaarduino.com\/wp-content\/uploads\/2025\/05\/immagine-1024x609.jpg","large-width":1024,"large-height":609,"1536x1536":"https:\/\/victoriaarduino.com\/wp-content\/uploads\/2025\/05\/immagine-1536x914.jpg","1536x1536-width":1536,"1536x1536-height":914,"2048x2048":"https:\/\/victoriaarduino.com\/wp-content\/uploads\/2025\/05\/immagine-2048x1218.jpg","2048x2048-width":2048,"2048x2048-height":1218}},"home_global_img":{"ID":5491,"id":5491,"title":"Banner design@2x","filename":"Banner-design@2x.webp","filesize":99076,"url":"https:\/\/victoriaarduino.com\/wp-content\/uploads\/2025\/03\/Banner-design@2x.webp","link":"https:\/\/victoriaarduino.com\/es\/pagina-de-inicio\/banner-design2x-2\/","alt":"","author":"1","description":"","caption":"","name":"banner-design2x-2","status":"inherit","uploaded_to":5481,"date":"2025-03-06 11:17:22","modified":"2025-03-06 11:17:22","menu_order":0,"mime_type":"image\/webp","type":"image","subtype":"webp","icon":"https:\/\/victoriaarduino.com\/wp-includes\/images\/media\/default.png","width":2880,"height":802,"sizes":{"thumbnail":"https:\/\/victoriaarduino.com\/wp-content\/uploads\/2025\/03\/Banner-design@2x-150x150.webp","thumbnail-width":150,"thumbnail-height":150,"medium":"https:\/\/victoriaarduino.com\/wp-content\/uploads\/2025\/03\/Banner-design@2x-300x84.webp","medium-width":300,"medium-height":84,"medium_large":"https:\/\/victoriaarduino.com\/wp-content\/uploads\/2025\/03\/Banner-design@2x-768x214.webp","medium_large-width":768,"medium_large-height":214,"large":"https:\/\/victoriaarduino.com\/wp-content\/uploads\/2025\/03\/Banner-design@2x-1024x285.webp","large-width":1024,"large-height":285,"1536x1536":"https:\/\/victoriaarduino.com\/wp-content\/uploads\/2025\/03\/Banner-design@2x-1536x428.webp","1536x1536-width":1536,"1536x1536-height":428,"2048x2048":"https:\/\/victoriaarduino.com\/wp-content\/uploads\/2025\/03\/Banner-design@2x-2048x570.webp","2048x2048-width":2048,"2048x2048-height":570}},"home_legends_link":{"title":"Descubra la excelencia en rectificado  ","url":"https:\/\/victoriaarduino.com\/products-machines\/mythos\/","target":""},"home_global_link":{"title":"Presencia mundial","url":"\/locations","target":""},"home_legends_description":"<div class=\"comment-li-wrapper _35x2ayZAjh7TZ365Wfcs88 highlight hovered-pin\" data-testid=\"comment-li-wrapper\">\n<div id=\"\/assets\/urn:aaid:sc:US:e40e5206-8c5a-408d-bb66-f1d7b1dea735\/annots\/cb01de8d-4670-4f63-ad9f-c66335054808\" class=\"comment-wrapper\" role=\"comment\">\n<div class=\"comment-content-wrapper\">\n<div class=\"row\">\n<div class=\"comment-text-controls-container\">\n<div class=\"comment-text\">\n<div>Desde 2013, el molinillo de caf\u00e9 Mythos de Victoria Arduino es una obra maestra de la innovaci\u00f3n, dise\u00f1ado para redefinir los est\u00e1ndares de precisi\u00f3n y control en la molienda de caf\u00e9.<\/div>\n<\/div>\n<\/div>\n<\/div>\n<\/div>\n<\/div>\n<\/div>\n<p>Elegido por los profesionales del caf\u00e9 m\u00e1s destacados del mundo y molinillo oficial del Campeonato Mundial de Baristas, encarna una fiabilidad y un rendimiento inigualables para quienes exigen la perfecci\u00f3n.<\/p>\n","home_hero_slider":[{"section_title":"nuestra marca","title":"Desde 1905, combinamos dise\u00f1o y tecnolog\u00eda para dar vida a su pasi\u00f3n por el caf\u00e9 y la excelencia.","link":{"title":"Insp\u00edrate","url":"https:\/\/victoriaarduino.com\/heritage\/","target":""},"img":false,"video":{"ID":5495,"id":5495,"title":"CLIP VA EO","filename":"CLIP-VA-EO.mp4","filesize":4523778,"url":"https:\/\/victoriaarduino.com\/wp-content\/uploads\/2025\/05\/CLIP-VA-EO.mp4","link":"https:\/\/victoriaarduino.com\/es\/pagina-de-inicio\/clip-va-eo-2\/","alt":"","author":"2","description":"","caption":"","name":"clip-va-eo-2","status":"inherit","uploaded_to":5481,"date":"2025-05-23 10:59:39","modified":"2025-05-23 10:59:39","menu_order":0,"mime_type":"video\/mp4","type":"video","subtype":"mp4","icon":"https:\/\/victoriaarduino.com\/wp-includes\/images\/media\/video.png","width":960,"height":540}}],"home_products_view_all":"https:\/\/victoriaarduino.com\/es\/comparar\/"},"yoast_head":"<!-- This site is optimized with the Yoast SEO plugin v27.4 - https:\/\/yoast.com\/product\/yoast-seo-wordpress\/ -->\n<title>P\u00e1gina de inicio - Victoria Arduino<\/title>\n<meta name=\"description\" content=\"Bienvenido a la p\u00e1gina principal de Victoria Arduino. Descubra las \u00faltimas noticias y explore nuestros productos exclusivos dise\u00f1ados para sorprenderle e inspirarle.\" \/>\n<meta name=\"robots\" content=\"index, follow, max-snippet:-1, max-image-preview:large, max-video-preview:-1\" \/>\n<link rel=\"canonical\" href=\"https:\/\/victoriaarduino.com\/es\/\" \/>\n<meta property=\"og:locale\" content=\"es_ES\" \/>\n<meta property=\"og:type\" content=\"article\" \/>\n<meta property=\"og:title\" content=\"P\u00e1gina de inicio - Victoria Arduino\" \/>\n<meta property=\"og:description\" content=\"Bienvenido a la p\u00e1gina principal de Victoria Arduino. Descubra las \u00faltimas noticias y explore nuestros productos exclusivos dise\u00f1ados para sorprenderle e inspirarle.\" \/>\n<meta property=\"og:url\" content=\"https:\/\/victoriaarduino.com\/es\/\" \/>\n<meta property=\"og:site_name\" content=\"Victoria Arduino\" \/>\n<meta property=\"article:modified_time\" content=\"2025-08-29T15:22:36+00:00\" \/>\n<meta name=\"twitter:card\" content=\"summary_large_image\" \/>\n<script type=\"application\/ld+json\" class=\"yoast-schema-graph\">{\"@context\":\"https:\\\/\\\/schema.org\",\"@graph\":[{\"@type\":\"WebPage\",\"@id\":\"https:\\\/\\\/victoriaarduino.com\\\/es\\\/\",\"url\":\"https:\\\/\\\/victoriaarduino.com\\\/es\\\/\",\"name\":\"P\u00e1gina de inicio - Victoria Arduino\",\"isPartOf\":{\"@id\":\"https:\\\/\\\/victoriaarduino.com\\\/es\\\/#website\"},\"datePublished\":\"2025-03-04T09:38:04+00:00\",\"dateModified\":\"2025-08-29T15:22:36+00:00\",\"description\":\"Bienvenido a la p\u00e1gina principal de Victoria Arduino. Descubra las \u00faltimas noticias y explore nuestros productos exclusivos dise\u00f1ados para sorprenderle e inspirarle.\",\"breadcrumb\":{\"@id\":\"https:\\\/\\\/victoriaarduino.com\\\/es\\\/#breadcrumb\"},\"inLanguage\":\"es\",\"potentialAction\":[{\"@type\":\"ReadAction\",\"target\":[\"https:\\\/\\\/victoriaarduino.com\\\/es\\\/\"]}]},{\"@type\":\"BreadcrumbList\",\"@id\":\"https:\\\/\\\/victoriaarduino.com\\\/es\\\/#breadcrumb\",\"itemListElement\":[{\"@type\":\"ListItem\",\"position\":1,\"name\":\"Inicio\",\"item\":\"https:\\\/\\\/victoriaarduino.com\\\/es\\\/pagina-de-inicio\\\/\"},{\"@type\":\"ListItem\",\"position\":2,\"name\":\"P\u00e1gina de inicio\"}]},{\"@type\":\"WebSite\",\"@id\":\"https:\\\/\\\/victoriaarduino.com\\\/es\\\/#website\",\"url\":\"https:\\\/\\\/victoriaarduino.com\\\/es\\\/\",\"name\":\"Victoria Arduino\",\"description\":\"\",\"potentialAction\":[{\"@type\":\"SearchAction\",\"target\":{\"@type\":\"EntryPoint\",\"urlTemplate\":\"https:\\\/\\\/victoriaarduino.com\\\/es\\\/?s={search_term_string}\"},\"query-input\":{\"@type\":\"PropertyValueSpecification\",\"valueRequired\":true,\"valueName\":\"search_term_string\"}}],\"inLanguage\":\"es\"}]}<\/script>\n<!-- \/ Yoast SEO plugin. -->","yoast_head_json":{"title":"P\u00e1gina de inicio - Victoria Arduino","description":"Bienvenido a la p\u00e1gina principal de Victoria Arduino. Descubra las \u00faltimas noticias y explore nuestros productos exclusivos dise\u00f1ados para sorprenderle e inspirarle.","robots":{"index":"index","follow":"follow","max-snippet":"max-snippet:-1","max-image-preview":"max-image-preview:large","max-video-preview":"max-video-preview:-1"},"canonical":"https:\/\/victoriaarduino.com\/es\/","og_locale":"es_ES","og_type":"article","og_title":"P\u00e1gina de inicio - Victoria Arduino","og_description":"Bienvenido a la p\u00e1gina principal de Victoria Arduino. Descubra las \u00faltimas noticias y explore nuestros productos exclusivos dise\u00f1ados para sorprenderle e inspirarle.","og_url":"https:\/\/victoriaarduino.com\/es\/","og_site_name":"Victoria Arduino","article_modified_time":"2025-08-29T15:22:36+00:00","twitter_card":"summary_large_image","schema":{"@context":"https:\/\/schema.org","@graph":[{"@type":"WebPage","@id":"https:\/\/victoriaarduino.com\/es\/","url":"https:\/\/victoriaarduino.com\/es\/","name":"P\u00e1gina de inicio - Victoria Arduino","isPartOf":{"@id":"https:\/\/victoriaarduino.com\/es\/#website"},"datePublished":"2025-03-04T09:38:04+00:00","dateModified":"2025-08-29T15:22:36+00:00","description":"Bienvenido a la p\u00e1gina principal de Victoria Arduino. Descubra las \u00faltimas noticias y explore nuestros productos exclusivos dise\u00f1ados para sorprenderle e inspirarle.","breadcrumb":{"@id":"https:\/\/victoriaarduino.com\/es\/#breadcrumb"},"inLanguage":"es","potentialAction":[{"@type":"ReadAction","target":["https:\/\/victoriaarduino.com\/es\/"]}]},{"@type":"BreadcrumbList","@id":"https:\/\/victoriaarduino.com\/es\/#breadcrumb","itemListElement":[{"@type":"ListItem","position":1,"name":"Inicio","item":"https:\/\/victoriaarduino.com\/es\/pagina-de-inicio\/"},{"@type":"ListItem","position":2,"name":"P\u00e1gina de inicio"}]},{"@type":"WebSite","@id":"https:\/\/victoriaarduino.com\/es\/#website","url":"https:\/\/victoriaarduino.com\/es\/","name":"Victoria Arduino","description":"","potentialAction":[{"@type":"SearchAction","target":{"@type":"EntryPoint","urlTemplate":"https:\/\/victoriaarduino.com\/es\/?s={search_term_string}"},"query-input":{"@type":"PropertyValueSpecification","valueRequired":true,"valueName":"search_term_string"}}],"inLanguage":"es"}]}},"_links":{"self":[{"href":"https:\/\/victoriaarduino.com\/es\/wp-json\/wp\/v2\/pages\/5481","targetHints":{"allow":["GET"]}}],"collection":[{"href":"https:\/\/victoriaarduino.com\/es\/wp-json\/wp\/v2\/pages"}],"about":[{"href":"https:\/\/victoriaarduino.com\/es\/wp-json\/wp\/v2\/types\/page"}],"author":[{"embeddable":true,"href":"https:\/\/victoriaarduino.com\/es\/wp-json\/wp\/v2\/users\/1"}],"replies":[{"embeddable":true,"href":"https:\/\/victoriaarduino.com\/es\/wp-json\/wp\/v2\/comments?post=5481"}],"version-history":[{"count":1,"href":"https:\/\/victoriaarduino.com\/es\/wp-json\/wp\/v2\/pages\/5481\/revisions"}],"predecessor-version":[{"id":8081,"href":"https:\/\/victoriaarduino.com\/es\/wp-json\/wp\/v2\/pages\/5481\/revisions\/8081"}],"wp:attachment":[{"href":"https:\/\/victoriaarduino.com\/es\/wp-json\/wp\/v2\/media?parent=5481"}],"curies":[{"name":"wp","href":"https:\/\/api.w.org\/{rel}","templated":true}]}}