{"id":5190,"date":"2025-05-12T14:17:53","date_gmt":"2025-05-12T12:17:53","guid":{"rendered":"https:\/\/victoriaarduino.com\/connexion\/"},"modified":"2025-05-12T14:17:53","modified_gmt":"2025-05-12T12:17:53","slug":"connexion","status":"publish","type":"page","link":"https:\/\/victoriaarduino.com\/fr\/connexion\/","title":{"rendered":"Connexion"},"content":{"rendered":"","protected":false},"excerpt":{"rendered":"","protected":false},"author":1,"featured_media":0,"parent":0,"menu_order":0,"comment_status":"closed","ping_status":"closed","template":"custom-login-page.php","meta":{"_acf_changed":false,"inline_featured_image":false},"class_list":["post-5190","page","type-page","status-publish","hentry"],"acf":{"header_style":"default","header_mode":"default"},"yoast_head":"<!-- This site is optimized with the Yoast SEO plugin v27.4 - https:\/\/yoast.com\/product\/yoast-seo-wordpress\/ -->\n<title>Connexion - Victoria Arduino<\/title>\n<meta name=\"description\" content=\"Connectez-vous, d\u00e9couvrez les derni\u00e8res mises \u00e0 jour et acc\u00e9dez \u00e0 du contenu exclusif de l&#039;univers de Victoria Arduino.\" \/>\n<meta name=\"robots\" content=\"index, follow, max-snippet:-1, max-image-preview:large, max-video-preview:-1\" \/>\n<link rel=\"canonical\" href=\"https:\/\/victoriaarduino.com\/fr\/connexion\/\" \/>\n<meta property=\"og:locale\" content=\"fr_FR\" \/>\n<meta property=\"og:type\" content=\"article\" \/>\n<meta property=\"og:title\" content=\"Connexion - Victoria Arduino\" \/>\n<meta property=\"og:description\" content=\"Connectez-vous, d\u00e9couvrez les derni\u00e8res mises \u00e0 jour et acc\u00e9dez \u00e0 du contenu exclusif de l&#039;univers de Victoria Arduino.\" \/>\n<meta property=\"og:url\" content=\"https:\/\/victoriaarduino.com\/fr\/connexion\/\" \/>\n<meta property=\"og:site_name\" content=\"Victoria Arduino\" \/>\n<meta name=\"twitter:card\" content=\"summary_large_image\" \/>\n<script type=\"application\/ld+json\" class=\"yoast-schema-graph\">{\"@context\":\"https:\\\/\\\/schema.org\",\"@graph\":[{\"@type\":\"WebPage\",\"@id\":\"https:\\\/\\\/victoriaarduino.com\\\/fr\\\/connexion\\\/\",\"url\":\"https:\\\/\\\/victoriaarduino.com\\\/fr\\\/connexion\\\/\",\"name\":\"Connexion - Victoria Arduino\",\"isPartOf\":{\"@id\":\"https:\\\/\\\/victoriaarduino.com\\\/fr\\\/#website\"},\"datePublished\":\"2025-05-12T12:17:53+00:00\",\"description\":\"Connectez-vous, d\u00e9couvrez les derni\u00e8res mises \u00e0 jour et acc\u00e9dez \u00e0 du contenu exclusif de l'univers de Victoria Arduino.\",\"breadcrumb\":{\"@id\":\"https:\\\/\\\/victoriaarduino.com\\\/fr\\\/connexion\\\/#breadcrumb\"},\"inLanguage\":\"fr-FR\",\"potentialAction\":[{\"@type\":\"ReadAction\",\"target\":[\"https:\\\/\\\/victoriaarduino.com\\\/fr\\\/connexion\\\/\"]}]},{\"@type\":\"BreadcrumbList\",\"@id\":\"https:\\\/\\\/victoriaarduino.com\\\/fr\\\/connexion\\\/#breadcrumb\",\"itemListElement\":[{\"@type\":\"ListItem\",\"position\":1,\"name\":\"Accueil\",\"item\":\"https:\\\/\\\/victoriaarduino.com\\\/fr\\\/page-daccueil\\\/\"},{\"@type\":\"ListItem\",\"position\":2,\"name\":\"Connexion\"}]},{\"@type\":\"WebSite\",\"@id\":\"https:\\\/\\\/victoriaarduino.com\\\/fr\\\/#website\",\"url\":\"https:\\\/\\\/victoriaarduino.com\\\/fr\\\/\",\"name\":\"Victoria Arduino\",\"description\":\"\",\"potentialAction\":[{\"@type\":\"SearchAction\",\"target\":{\"@type\":\"EntryPoint\",\"urlTemplate\":\"https:\\\/\\\/victoriaarduino.com\\\/fr\\\/?s={search_term_string}\"},\"query-input\":{\"@type\":\"PropertyValueSpecification\",\"valueRequired\":true,\"valueName\":\"search_term_string\"}}],\"inLanguage\":\"fr-FR\"}]}<\/script>\n<!-- \/ Yoast SEO plugin. -->","yoast_head_json":{"title":"Connexion - Victoria Arduino","description":"Connectez-vous, d\u00e9couvrez les derni\u00e8res mises \u00e0 jour et acc\u00e9dez \u00e0 du contenu exclusif de l'univers de Victoria Arduino.","robots":{"index":"index","follow":"follow","max-snippet":"max-snippet:-1","max-image-preview":"max-image-preview:large","max-video-preview":"max-video-preview:-1"},"canonical":"https:\/\/victoriaarduino.com\/fr\/connexion\/","og_locale":"fr_FR","og_type":"article","og_title":"Connexion - Victoria Arduino","og_description":"Connectez-vous, d\u00e9couvrez les derni\u00e8res mises \u00e0 jour et acc\u00e9dez \u00e0 du contenu exclusif de l'univers de Victoria Arduino.","og_url":"https:\/\/victoriaarduino.com\/fr\/connexion\/","og_site_name":"Victoria Arduino","twitter_card":"summary_large_image","schema":{"@context":"https:\/\/schema.org","@graph":[{"@type":"WebPage","@id":"https:\/\/victoriaarduino.com\/fr\/connexion\/","url":"https:\/\/victoriaarduino.com\/fr\/connexion\/","name":"Connexion - Victoria Arduino","isPartOf":{"@id":"https:\/\/victoriaarduino.com\/fr\/#website"},"datePublished":"2025-05-12T12:17:53+00:00","description":"Connectez-vous, d\u00e9couvrez les derni\u00e8res mises \u00e0 jour et acc\u00e9dez \u00e0 du contenu exclusif de l'univers de Victoria Arduino.","breadcrumb":{"@id":"https:\/\/victoriaarduino.com\/fr\/connexion\/#breadcrumb"},"inLanguage":"fr-FR","potentialAction":[{"@type":"ReadAction","target":["https:\/\/victoriaarduino.com\/fr\/connexion\/"]}]},{"@type":"BreadcrumbList","@id":"https:\/\/victoriaarduino.com\/fr\/connexion\/#breadcrumb","itemListElement":[{"@type":"ListItem","position":1,"name":"Accueil","item":"https:\/\/victoriaarduino.com\/fr\/page-daccueil\/"},{"@type":"ListItem","position":2,"name":"Connexion"}]},{"@type":"WebSite","@id":"https:\/\/victoriaarduino.com\/fr\/#website","url":"https:\/\/victoriaarduino.com\/fr\/","name":"Victoria Arduino","description":"","potentialAction":[{"@type":"SearchAction","target":{"@type":"EntryPoint","urlTemplate":"https:\/\/victoriaarduino.com\/fr\/?s={search_term_string}"},"query-input":{"@type":"PropertyValueSpecification","valueRequired":true,"valueName":"search_term_string"}}],"inLanguage":"fr-FR"}]}},"_links":{"self":[{"href":"https:\/\/victoriaarduino.com\/fr\/wp-json\/wp\/v2\/pages\/5190","targetHints":{"allow":["GET"]}}],"collection":[{"href":"https:\/\/victoriaarduino.com\/fr\/wp-json\/wp\/v2\/pages"}],"about":[{"href":"https:\/\/victoriaarduino.com\/fr\/wp-json\/wp\/v2\/types\/page"}],"author":[{"embeddable":true,"href":"https:\/\/victoriaarduino.com\/fr\/wp-json\/wp\/v2\/users\/1"}],"replies":[{"embeddable":true,"href":"https:\/\/victoriaarduino.com\/fr\/wp-json\/wp\/v2\/comments?post=5190"}],"version-history":[{"count":0,"href":"https:\/\/victoriaarduino.com\/fr\/wp-json\/wp\/v2\/pages\/5190\/revisions"}],"wp:attachment":[{"href":"https:\/\/victoriaarduino.com\/fr\/wp-json\/wp\/v2\/media?parent=5190"}],"curies":[{"name":"wp","href":"https:\/\/api.w.org\/{rel}","templated":true}]}}