{"id":5196,"date":"2025-06-03T12:54:55","date_gmt":"2025-06-03T10:54:55","guid":{"rendered":"https:\/\/victoriaarduino.com\/patrimoine\/"},"modified":"2025-08-29T17:22:28","modified_gmt":"2025-08-29T15:22:28","slug":"heritage","status":"publish","type":"page","link":"https:\/\/victoriaarduino.com\/fr\/heritage\/","title":{"rendered":"Patrimoine"},"content":{"rendered":"","protected":false},"excerpt":{"rendered":"","protected":false},"author":2,"featured_media":0,"parent":0,"menu_order":0,"comment_status":"closed","ping_status":"closed","template":"templates\/heritage.php","meta":{"_acf_changed":false,"inline_featured_image":false},"class_list":["post-5196","page","type-page","status-publish","hentry"],"acf":{"heritage_final_banner_overlay":false,"header_style":"default","header_mode":"default","heritage_hero_img":{"ID":2810,"id":2810,"title":"Group-426@2x","filename":"Group-426@2x.webp","filesize":49378,"url":"https:\/\/victoriaarduino.com\/wp-content\/uploads\/2025\/03\/Group-426@2x.webp","link":"https:\/\/victoriaarduino.com\/fr\/page-daccueil\/group-4262x-2\/","alt":"","author":"1","description":"","caption":"","name":"group-4262x-2","status":"inherit","uploaded_to":5288,"date":"2025-03-05 09:52:03","modified":"2025-06-09 13:12:02","menu_order":0,"mime_type":"image\/webp","type":"image","subtype":"webp","icon":"https:\/\/victoriaarduino.com\/wp-includes\/images\/media\/default.png","width":780,"height":1040,"sizes":{"thumbnail":"https:\/\/victoriaarduino.com\/wp-content\/uploads\/2025\/03\/Group-426@2x-150x150.webp","thumbnail-width":150,"thumbnail-height":150,"medium":"https:\/\/victoriaarduino.com\/wp-content\/uploads\/2025\/03\/Group-426@2x-225x300.webp","medium-width":225,"medium-height":300,"medium_large":"https:\/\/victoriaarduino.com\/wp-content\/uploads\/2025\/03\/Group-426@2x-768x1024.webp","medium_large-width":768,"medium_large-height":1024,"large":"https:\/\/victoriaarduino.com\/wp-content\/uploads\/2025\/03\/Group-426@2x-768x1024.webp","large-width":768,"large-height":1024,"1536x1536":"https:\/\/victoriaarduino.com\/wp-content\/uploads\/2025\/03\/Group-426@2x.webp","1536x1536-width":780,"1536x1536-height":1040,"2048x2048":"https:\/\/victoriaarduino.com\/wp-content\/uploads\/2025\/03\/Group-426@2x.webp","2048x2048-width":780,"2048x2048-height":1040}},"heritage_final_banner_img":{"ID":2826,"id":2826,"title":"Abstract still 6@2x","filename":"Abstract-still-6@2x.webp","filesize":4614,"url":"https:\/\/victoriaarduino.com\/wp-content\/uploads\/2025\/03\/Abstract-still-6@2x.webp","link":"https:\/\/victoriaarduino.com\/fr\/heritage\/abstract-still-62x-2\/","alt":"","author":"1","description":"","caption":"","name":"abstract-still-62x-2","status":"inherit","uploaded_to":5196,"date":"2025-03-07 12:06:09","modified":"2025-06-09 16:35:10","menu_order":0,"mime_type":"image\/webp","type":"image","subtype":"webp","icon":"https:\/\/victoriaarduino.com\/wp-includes\/images\/media\/default.png","width":832,"height":504,"sizes":{"thumbnail":"https:\/\/victoriaarduino.com\/wp-content\/uploads\/2025\/03\/Abstract-still-6@2x-150x150.webp","thumbnail-width":150,"thumbnail-height":150,"medium":"https:\/\/victoriaarduino.com\/wp-content\/uploads\/2025\/03\/Abstract-still-6@2x-300x182.webp","medium-width":300,"medium-height":182,"medium_large":"https:\/\/victoriaarduino.com\/wp-content\/uploads\/2025\/03\/Abstract-still-6@2x-768x465.webp","medium_large-width":768,"medium_large-height":465,"large":"https:\/\/victoriaarduino.com\/wp-content\/uploads\/2025\/03\/Abstract-still-6@2x.webp","large-width":832,"large-height":504,"1536x1536":"https:\/\/victoriaarduino.com\/wp-content\/uploads\/2025\/03\/Abstract-still-6@2x.webp","1536x1536-width":832,"1536x1536-height":504,"2048x2048":"https:\/\/victoriaarduino.com\/wp-content\/uploads\/2025\/03\/Abstract-still-6@2x.webp","2048x2048-width":832,"2048x2048-height":504}},"heritage_hero_subtitle":"Un voyage \u00e0 travers le temps, l'innovation et le design intemporel","heritage_final_banner_section_title":"NOS PRODUITS","heritage_final_banner_title":"Chacune de ces \u00e9tapes pionni\u00e8res a fa\u00e7onn\u00e9 notre pr\u00e9sent, inspirant la cr\u00e9ation de produits exceptionnels o\u00f9 la passion rencontre la technologie de pointe.","heritage_years":[{"acf_fc_layout":"texte_small_text_4_images"},{"acf_fc_layout":"texte_small_text_3_images"},{"acf_fc_layout":"texte_small_text_3_images_alternative"},{"acf_fc_layout":"texte_small_text_3_images_alternative"},{"acf_fc_layout":"texte_small_text_3_images_alternative"},{"acf_fc_layout":"texte_img"},{"acf_fc_layout":"texte_img_small_text"},{"acf_fc_layout":"texte_img"},{"acf_fc_layout":"texte_img_small_text"},{"acf_fc_layout":"texte_small_text_3_images_alternative_2"}]},"yoast_head":"<!-- This site is optimized with the Yoast SEO plugin v27.4 - https:\/\/yoast.com\/product\/yoast-seo-wordpress\/ -->\n<title>Patrimoine - Victoria Arduino<\/title>\n<meta name=\"description\" content=\"D\u00e9couvrez l&#039;h\u00e9ritage et les \u00e9tapes qui ont fait et continuent de faire de Victoria Arduino une marque unique \u00e0 explorer.\" \/>\n<meta name=\"robots\" content=\"index, follow, max-snippet:-1, max-image-preview:large, max-video-preview:-1\" \/>\n<link rel=\"canonical\" href=\"https:\/\/victoriaarduino.com\/fr\/heritage\/\" \/>\n<meta property=\"og:locale\" content=\"fr_FR\" \/>\n<meta property=\"og:type\" content=\"article\" \/>\n<meta property=\"og:title\" content=\"Patrimoine - Victoria Arduino\" \/>\n<meta property=\"og:description\" content=\"D\u00e9couvrez l&#039;h\u00e9ritage et les \u00e9tapes qui ont fait et continuent de faire de Victoria Arduino une marque unique \u00e0 explorer.\" \/>\n<meta property=\"og:url\" content=\"https:\/\/victoriaarduino.com\/fr\/heritage\/\" \/>\n<meta property=\"og:site_name\" content=\"Victoria Arduino\" \/>\n<meta property=\"article:modified_time\" content=\"2025-08-29T15:22:28+00:00\" \/>\n<meta name=\"twitter:card\" content=\"summary_large_image\" \/>\n<script type=\"application\/ld+json\" class=\"yoast-schema-graph\">{\"@context\":\"https:\\\/\\\/schema.org\",\"@graph\":[{\"@type\":\"WebPage\",\"@id\":\"https:\\\/\\\/victoriaarduino.com\\\/fr\\\/heritage\\\/\",\"url\":\"https:\\\/\\\/victoriaarduino.com\\\/fr\\\/heritage\\\/\",\"name\":\"Patrimoine - Victoria Arduino\",\"isPartOf\":{\"@id\":\"https:\\\/\\\/victoriaarduino.com\\\/fr\\\/#website\"},\"datePublished\":\"2025-06-03T10:54:55+00:00\",\"dateModified\":\"2025-08-29T15:22:28+00:00\",\"description\":\"D\u00e9couvrez l'h\u00e9ritage et les \u00e9tapes qui ont fait et continuent de faire de Victoria Arduino une marque unique \u00e0 explorer.\",\"breadcrumb\":{\"@id\":\"https:\\\/\\\/victoriaarduino.com\\\/fr\\\/heritage\\\/#breadcrumb\"},\"inLanguage\":\"fr-FR\",\"potentialAction\":[{\"@type\":\"ReadAction\",\"target\":[\"https:\\\/\\\/victoriaarduino.com\\\/fr\\\/heritage\\\/\"]}]},{\"@type\":\"BreadcrumbList\",\"@id\":\"https:\\\/\\\/victoriaarduino.com\\\/fr\\\/heritage\\\/#breadcrumb\",\"itemListElement\":[{\"@type\":\"ListItem\",\"position\":1,\"name\":\"Accueil\",\"item\":\"https:\\\/\\\/victoriaarduino.com\\\/fr\\\/page-daccueil\\\/\"},{\"@type\":\"ListItem\",\"position\":2,\"name\":\"Patrimoine\"}]},{\"@type\":\"WebSite\",\"@id\":\"https:\\\/\\\/victoriaarduino.com\\\/fr\\\/#website\",\"url\":\"https:\\\/\\\/victoriaarduino.com\\\/fr\\\/\",\"name\":\"Victoria Arduino\",\"description\":\"\",\"potentialAction\":[{\"@type\":\"SearchAction\",\"target\":{\"@type\":\"EntryPoint\",\"urlTemplate\":\"https:\\\/\\\/victoriaarduino.com\\\/fr\\\/?s={search_term_string}\"},\"query-input\":{\"@type\":\"PropertyValueSpecification\",\"valueRequired\":true,\"valueName\":\"search_term_string\"}}],\"inLanguage\":\"fr-FR\"}]}<\/script>\n<!-- \/ Yoast SEO plugin. -->","yoast_head_json":{"title":"Patrimoine - Victoria Arduino","description":"D\u00e9couvrez l'h\u00e9ritage et les \u00e9tapes qui ont fait et continuent de faire de Victoria Arduino une marque unique \u00e0 explorer.","robots":{"index":"index","follow":"follow","max-snippet":"max-snippet:-1","max-image-preview":"max-image-preview:large","max-video-preview":"max-video-preview:-1"},"canonical":"https:\/\/victoriaarduino.com\/fr\/heritage\/","og_locale":"fr_FR","og_type":"article","og_title":"Patrimoine - Victoria Arduino","og_description":"D\u00e9couvrez l'h\u00e9ritage et les \u00e9tapes qui ont fait et continuent de faire de Victoria Arduino une marque unique \u00e0 explorer.","og_url":"https:\/\/victoriaarduino.com\/fr\/heritage\/","og_site_name":"Victoria Arduino","article_modified_time":"2025-08-29T15:22:28+00:00","twitter_card":"summary_large_image","schema":{"@context":"https:\/\/schema.org","@graph":[{"@type":"WebPage","@id":"https:\/\/victoriaarduino.com\/fr\/heritage\/","url":"https:\/\/victoriaarduino.com\/fr\/heritage\/","name":"Patrimoine - Victoria Arduino","isPartOf":{"@id":"https:\/\/victoriaarduino.com\/fr\/#website"},"datePublished":"2025-06-03T10:54:55+00:00","dateModified":"2025-08-29T15:22:28+00:00","description":"D\u00e9couvrez l'h\u00e9ritage et les \u00e9tapes qui ont fait et continuent de faire de Victoria Arduino une marque unique \u00e0 explorer.","breadcrumb":{"@id":"https:\/\/victoriaarduino.com\/fr\/heritage\/#breadcrumb"},"inLanguage":"fr-FR","potentialAction":[{"@type":"ReadAction","target":["https:\/\/victoriaarduino.com\/fr\/heritage\/"]}]},{"@type":"BreadcrumbList","@id":"https:\/\/victoriaarduino.com\/fr\/heritage\/#breadcrumb","itemListElement":[{"@type":"ListItem","position":1,"name":"Accueil","item":"https:\/\/victoriaarduino.com\/fr\/page-daccueil\/"},{"@type":"ListItem","position":2,"name":"Patrimoine"}]},{"@type":"WebSite","@id":"https:\/\/victoriaarduino.com\/fr\/#website","url":"https:\/\/victoriaarduino.com\/fr\/","name":"Victoria Arduino","description":"","potentialAction":[{"@type":"SearchAction","target":{"@type":"EntryPoint","urlTemplate":"https:\/\/victoriaarduino.com\/fr\/?s={search_term_string}"},"query-input":{"@type":"PropertyValueSpecification","valueRequired":true,"valueName":"search_term_string"}}],"inLanguage":"fr-FR"}]}},"_links":{"self":[{"href":"https:\/\/victoriaarduino.com\/fr\/wp-json\/wp\/v2\/pages\/5196","targetHints":{"allow":["GET"]}}],"collection":[{"href":"https:\/\/victoriaarduino.com\/fr\/wp-json\/wp\/v2\/pages"}],"about":[{"href":"https:\/\/victoriaarduino.com\/fr\/wp-json\/wp\/v2\/types\/page"}],"author":[{"embeddable":true,"href":"https:\/\/victoriaarduino.com\/fr\/wp-json\/wp\/v2\/users\/2"}],"replies":[{"embeddable":true,"href":"https:\/\/victoriaarduino.com\/fr\/wp-json\/wp\/v2\/comments?post=5196"}],"version-history":[{"count":1,"href":"https:\/\/victoriaarduino.com\/fr\/wp-json\/wp\/v2\/pages\/5196\/revisions"}],"predecessor-version":[{"id":8075,"href":"https:\/\/victoriaarduino.com\/fr\/wp-json\/wp\/v2\/pages\/5196\/revisions\/8075"}],"wp:attachment":[{"href":"https:\/\/victoriaarduino.com\/fr\/wp-json\/wp\/v2\/media?parent=5196"}],"curies":[{"name":"wp","href":"https:\/\/api.w.org\/{rel}","templated":true}]}}