{"id":5288,"date":"2025-03-04T10:38:04","date_gmt":"2025-03-04T09:38:04","guid":{"rendered":"https:\/\/victoriaarduino.com\/page-daccueil\/"},"modified":"2025-08-29T17:22:33","modified_gmt":"2025-08-29T15:22:33","slug":"page-daccueil","status":"publish","type":"page","link":"https:\/\/victoriaarduino.com\/fr\/","title":{"rendered":"Page d&rsquo;accueil"},"content":{"rendered":"","protected":false},"excerpt":{"rendered":"","protected":false},"author":1,"featured_media":0,"parent":0,"menu_order":0,"comment_status":"closed","ping_status":"closed","template":"","meta":{"_acf_changed":false,"inline_featured_image":false},"class_list":["post-5288","page","type-page","status-publish","hentry"],"acf":{"home_brand_legacy":{"video":{"ID":2808,"id":2808,"title":"VA-ATTERRAGGIO-WEBSITE (1)","filename":"VA-ATTERRAGGIO-WEBSITE-1.mp4","filesize":4734084,"url":"https:\/\/victoriaarduino.com\/wp-content\/uploads\/2025\/03\/VA-ATTERRAGGIO-WEBSITE-1.mp4","link":"https:\/\/victoriaarduino.com\/fr\/page-daccueil\/va-atterraggio-website-1-2\/","alt":"","author":"1","description":"","caption":"","name":"va-atterraggio-website-1-2","status":"inherit","uploaded_to":5288,"date":"2025-03-05 09:51:57","modified":"2025-06-09 13:12:02","menu_order":0,"mime_type":"video\/mp4","type":"video","subtype":"mp4","icon":"https:\/\/victoriaarduino.com\/wp-includes\/images\/media\/video.png","width":1080,"height":1350},"link":{"title":"d\u00e9couvrez notre histoire","url":"https:\/\/victoriaarduino.com\/heritage\/","target":""}},"home_trio_technology":{"img":{"ID":2818,"id":2818,"title":"Group 926@2x","filename":"Group-926@2x.webp","filesize":38062,"url":"https:\/\/victoriaarduino.com\/wp-content\/uploads\/2025\/03\/Group-926@2x.webp","link":"https:\/\/victoriaarduino.com\/fr\/page-daccueil\/group-9262x-2\/","alt":"","author":"1","description":"","caption":"","name":"group-9262x-2","status":"inherit","uploaded_to":5288,"date":"2025-03-05 13:13:25","modified":"2025-06-09 13:12:02","menu_order":0,"mime_type":"image\/webp","type":"image","subtype":"webp","icon":"https:\/\/victoriaarduino.com\/wp-includes\/images\/media\/default.png","width":1442,"height":1708,"sizes":{"thumbnail":"https:\/\/victoriaarduino.com\/wp-content\/uploads\/2025\/03\/Group-926@2x-150x150.webp","thumbnail-width":150,"thumbnail-height":150,"medium":"https:\/\/victoriaarduino.com\/wp-content\/uploads\/2025\/03\/Group-926@2x-253x300.webp","medium-width":253,"medium-height":300,"medium_large":"https:\/\/victoriaarduino.com\/wp-content\/uploads\/2025\/03\/Group-926@2x-768x910.webp","medium_large-width":768,"medium_large-height":910,"large":"https:\/\/victoriaarduino.com\/wp-content\/uploads\/2025\/03\/Group-926@2x-865x1024.webp","large-width":865,"large-height":1024,"1536x1536":"https:\/\/victoriaarduino.com\/wp-content\/uploads\/2025\/03\/Group-926@2x-1297x1536.webp","1536x1536-width":1297,"1536x1536-height":1536,"2048x2048":"https:\/\/victoriaarduino.com\/wp-content\/uploads\/2025\/03\/Group-926@2x.webp","2048x2048-width":1442,"2048x2048-height":1708}},"section_title":"TECHNOLOGIE","title":"\u00c0 la pointe de l'innovation","description":"<div class=\"comment-li-wrapper _35x2ayZAjh7TZ365Wfcs88 highlight hovered-pin\" data-testid=\"comment-li-wrapper\">\n<div id=\"\/assets\/urn:aaid:sc:US:e40e5206-8c5a-408d-bb66-f1d7b1dea735\/annots\/9bdd29ef-cfc3-4396-aa9e-0ae68a6588f9\" class=\"comment-wrapper\" role=\"comment\">\n<div class=\"comment-content-wrapper\">\n<div class=\"row\">\n<div class=\"comment-text-controls-container\">\n<div class=\"comment-text\">\n<div>L&rsquo;innovation a toujours \u00e9t\u00e9 le c\u0153ur battant de Victoria Arduino. Au d\u00e9but des ann\u00e9es 1900, Pier Teresio Arduino a con\u00e7u la premi\u00e8re machine \u00e0 espresso en s&rsquo;inspirant de la puissance et de la pr\u00e9cision des trains \u00e0 vapeur, inaugurant ainsi une nouvelle \u00e8re de vitesse, de style et de progr\u00e8s. C&rsquo;est ce m\u00eame esprit pionnier qui anime aujourd&rsquo;hui nos machines \u00e0 caf\u00e9, o\u00f9 la tradition rencontre la technologie de pointe pour offrir des performances exceptionnelles et des exp\u00e9riences de caf\u00e9 inoubliables.  <\/div>\n<\/div>\n<\/div>\n<\/div>\n<\/div>\n<\/div>\n<\/div>\n","link":""},"home_trio_sustainability":{"img":{"ID":2822,"id":2822,"title":"Polygone_VA_NS_BWT_-33@2x","filename":"Polygone_VA_NS_BWT_-33@2x.webp","filesize":88974,"url":"https:\/\/victoriaarduino.com\/wp-content\/uploads\/2025\/03\/Polygone_VA_NS_BWT_-33@2x.webp","link":"https:\/\/victoriaarduino.com\/fr\/page-daccueil\/polygone_va_ns_bwt_-332x-2\/","alt":"","author":"1","description":"","caption":"","name":"polygone_va_ns_bwt_-332x-2","status":"inherit","uploaded_to":5288,"date":"2025-03-05 13:14:36","modified":"2025-06-09 13:12:02","menu_order":0,"mime_type":"image\/webp","type":"image","subtype":"webp","icon":"https:\/\/victoriaarduino.com\/wp-includes\/images\/media\/default.png","width":2880,"height":800,"sizes":{"thumbnail":"https:\/\/victoriaarduino.com\/wp-content\/uploads\/2025\/03\/Polygone_VA_NS_BWT_-33@2x-150x150.webp","thumbnail-width":150,"thumbnail-height":150,"medium":"https:\/\/victoriaarduino.com\/wp-content\/uploads\/2025\/03\/Polygone_VA_NS_BWT_-33@2x-300x83.webp","medium-width":300,"medium-height":83,"medium_large":"https:\/\/victoriaarduino.com\/wp-content\/uploads\/2025\/03\/Polygone_VA_NS_BWT_-33@2x-768x213.webp","medium_large-width":768,"medium_large-height":213,"large":"https:\/\/victoriaarduino.com\/wp-content\/uploads\/2025\/03\/Polygone_VA_NS_BWT_-33@2x-1024x284.webp","large-width":1024,"large-height":284,"1536x1536":"https:\/\/victoriaarduino.com\/wp-content\/uploads\/2025\/03\/Polygone_VA_NS_BWT_-33@2x-1536x427.webp","1536x1536-width":1536,"1536x1536-height":427,"2048x2048":"https:\/\/victoriaarduino.com\/wp-content\/uploads\/2025\/03\/Polygone_VA_NS_BWT_-33@2x-2048x569.webp","2048x2048-width":2048,"2048x2048-height":569}},"section_title":"DURABILIT\u00c9","title":"Combiner durabilit\u00e9 et performance","description":"<p>Nous concevons nos machines \u00e0 caf\u00e9 avec un profond engagement en faveur du d\u00e9veloppement durable, en minimisant l&rsquo;impact sur l&rsquo;environnement et en maximisant l&rsquo;efficacit\u00e9 et la durabilit\u00e9.<\/p>\n","link":""},"header_style":"transparent","header_mode":"default","home_brand_poster":{"img":{"ID":2810,"id":2810,"title":"Group-426@2x","filename":"Group-426@2x.webp","filesize":49378,"url":"https:\/\/victoriaarduino.com\/wp-content\/uploads\/2025\/03\/Group-426@2x.webp","link":"https:\/\/victoriaarduino.com\/fr\/page-daccueil\/group-4262x-2\/","alt":"","author":"1","description":"","caption":"","name":"group-4262x-2","status":"inherit","uploaded_to":5288,"date":"2025-03-05 09:52:03","modified":"2025-06-09 13:12:02","menu_order":0,"mime_type":"image\/webp","type":"image","subtype":"webp","icon":"https:\/\/victoriaarduino.com\/wp-includes\/images\/media\/default.png","width":780,"height":1040,"sizes":{"thumbnail":"https:\/\/victoriaarduino.com\/wp-content\/uploads\/2025\/03\/Group-426@2x-150x150.webp","thumbnail-width":150,"thumbnail-height":150,"medium":"https:\/\/victoriaarduino.com\/wp-content\/uploads\/2025\/03\/Group-426@2x-225x300.webp","medium-width":225,"medium-height":300,"medium_large":"https:\/\/victoriaarduino.com\/wp-content\/uploads\/2025\/03\/Group-426@2x-768x1024.webp","medium_large-width":768,"medium_large-height":1024,"large":"https:\/\/victoriaarduino.com\/wp-content\/uploads\/2025\/03\/Group-426@2x-768x1024.webp","large-width":768,"large-height":1024,"1536x1536":"https:\/\/victoriaarduino.com\/wp-content\/uploads\/2025\/03\/Group-426@2x.webp","1536x1536-width":780,"1536x1536-height":1040,"2048x2048":"https:\/\/victoriaarduino.com\/wp-content\/uploads\/2025\/03\/Group-426@2x.webp","2048x2048-width":780,"2048x2048-height":1040}},"title":"Conna\u00eetre notre marque","description":"<p>Victoria Arduino est anim\u00e9e d&rsquo;une passion in\u00e9branlable pour cr\u00e9er des exp\u00e9riences extraordinaires pour ceux qui recherchent toujours la perfection dans chaque tasse. Chaque d\u00e9tail est soigneusement \u00e9labor\u00e9, garantissant un voyage qui incarne l&rsquo;excellence et le raffinement.<\/p>\n"},"home_trio_design":{"img":{"ID":2820,"id":2820,"title":"434481149_810737127752578_1428657514536287357_n@2x","filename":"434481149_810737127752578_1428657514536287357_n@2x.webp","filesize":32576,"url":"https:\/\/victoriaarduino.com\/wp-content\/uploads\/2025\/03\/434481149_810737127752578_1428657514536287357_n@2x.webp","link":"https:\/\/victoriaarduino.com\/fr\/page-daccueil\/434481149_810737127752578_1428657514536287357_n2x-2\/","alt":"","author":"1","description":"","caption":"","name":"434481149_810737127752578_1428657514536287357_n2x-2","status":"inherit","uploaded_to":5288,"date":"2025-03-05 13:13:26","modified":"2025-06-09 13:12:02","menu_order":0,"mime_type":"image\/webp","type":"image","subtype":"webp","icon":"https:\/\/victoriaarduino.com\/wp-includes\/images\/media\/default.png","width":1442,"height":1708,"sizes":{"thumbnail":"https:\/\/victoriaarduino.com\/wp-content\/uploads\/2025\/03\/434481149_810737127752578_1428657514536287357_n@2x-150x150.webp","thumbnail-width":150,"thumbnail-height":150,"medium":"https:\/\/victoriaarduino.com\/wp-content\/uploads\/2025\/03\/434481149_810737127752578_1428657514536287357_n@2x-253x300.webp","medium-width":253,"medium-height":300,"medium_large":"https:\/\/victoriaarduino.com\/wp-content\/uploads\/2025\/03\/434481149_810737127752578_1428657514536287357_n@2x-768x910.webp","medium_large-width":768,"medium_large-height":910,"large":"https:\/\/victoriaarduino.com\/wp-content\/uploads\/2025\/03\/434481149_810737127752578_1428657514536287357_n@2x-865x1024.webp","large-width":865,"large-height":1024,"1536x1536":"https:\/\/victoriaarduino.com\/wp-content\/uploads\/2025\/03\/434481149_810737127752578_1428657514536287357_n@2x-1297x1536.webp","1536x1536-width":1297,"1536x1536-height":1536,"2048x2048":"https:\/\/victoriaarduino.com\/wp-content\/uploads\/2025\/03\/434481149_810737127752578_1428657514536287357_n@2x.webp","2048x2048-width":1442,"2048x2048-height":1708}},"section_title":"conception","title":"Ic\u00f4ne du style italien","description":"<div class=\"comment-li-wrapper _35x2ayZAjh7TZ365Wfcs88 highlight hovered-pin\" data-testid=\"comment-li-wrapper\">\n<div id=\"\/assets\/urn:aaid:sc:US:e40e5206-8c5a-408d-bb66-f1d7b1dea735\/annots\/df6d51f9-79ea-4458-804e-6c6733bccaeb\" class=\"comment-wrapper\" role=\"comment\">\n<div class=\"comment-content-wrapper\">\n<div class=\"row\">\n<div class=\"comment-text-controls-container\">\n<div class=\"comment-text\">\n<div>Victoria Arduino est un symbole de l&rsquo;excellence du design italien, o\u00f9 l&rsquo;\u00e9l\u00e9gance intemporelle rencontre l&rsquo;innovation de pointe. Notre h\u00e9ritage repose sur des collaborations avec les designers les plus visionnaires d&rsquo;Italie. De Leonetto Cappiello en 1922, futuriste embl\u00e9matique qui a fa\u00e7onn\u00e9 notre identit\u00e9 visuelle, au design unique de chaque machine, Victoria Arduino fusionne l&rsquo;art et la technologie de pointe pour cr\u00e9er des exp\u00e9riences de caf\u00e9 raffin\u00e9es.  <\/div>\n<\/div>\n<\/div>\n<\/div>\n<\/div>\n<\/div>\n<\/div>\n","link":{"title":"en savoir plus","url":"https:\/\/victoriaarduino.com\/storia-del-design\/","target":""}},"home_legends_img_left":{"ID":2816,"id":2816,"title":"Screenshot 2025-01-24 at 09.44.27@2x","filename":"Screenshot-2025-01-24-at-09.44.27@2x.webp","filesize":19694,"url":"https:\/\/victoriaarduino.com\/wp-content\/uploads\/2025\/03\/Screenshot-2025-01-24-at-09.44.27@2x.webp","link":"https:\/\/victoriaarduino.com\/fr\/page-daccueil\/screenshot-2025-01-24-at-09-44-272x-2\/","alt":"","author":"1","description":"","caption":"","name":"screenshot-2025-01-24-at-09-44-272x-2","status":"inherit","uploaded_to":5288,"date":"2025-03-05 12:23:50","modified":"2025-06-09 13:12:02","menu_order":0,"mime_type":"image\/webp","type":"image","subtype":"webp","icon":"https:\/\/victoriaarduino.com\/wp-includes\/images\/media\/default.png","width":800,"height":1012,"sizes":{"thumbnail":"https:\/\/victoriaarduino.com\/wp-content\/uploads\/2025\/03\/Screenshot-2025-01-24-at-09.44.27@2x-150x150.webp","thumbnail-width":150,"thumbnail-height":150,"medium":"https:\/\/victoriaarduino.com\/wp-content\/uploads\/2025\/03\/Screenshot-2025-01-24-at-09.44.27@2x-237x300.webp","medium-width":237,"medium-height":300,"medium_large":"https:\/\/victoriaarduino.com\/wp-content\/uploads\/2025\/03\/Screenshot-2025-01-24-at-09.44.27@2x-768x972.webp","medium_large-width":768,"medium_large-height":972,"large":"https:\/\/victoriaarduino.com\/wp-content\/uploads\/2025\/03\/Screenshot-2025-01-24-at-09.44.27@2x.webp","large-width":800,"large-height":1012,"1536x1536":"https:\/\/victoriaarduino.com\/wp-content\/uploads\/2025\/03\/Screenshot-2025-01-24-at-09.44.27@2x.webp","1536x1536-width":800,"1536x1536-height":1012,"2048x2048":"https:\/\/victoriaarduino.com\/wp-content\/uploads\/2025\/03\/Screenshot-2025-01-24-at-09.44.27@2x.webp","2048x2048-width":800,"2048x2048-height":1012}},"home_legends_img_right":{"ID":3712,"id":3712,"title":"mythos-nero-dx-MY75@2x","filename":"mythos-nero-dx-MY75@2x.jpg","filesize":71657,"url":"https:\/\/victoriaarduino.com\/wp-content\/uploads\/2025\/05\/mythos-nero-dx-MY75@2x.jpg","link":"https:\/\/victoriaarduino.com\/fr\/page-daccueil\/mythos-nero-dx-my752x-2-2\/","alt":"","author":"1","description":"","caption":"","name":"mythos-nero-dx-my752x-2-2","status":"inherit","uploaded_to":5288,"date":"2025-05-15 06:19:33","modified":"2025-06-09 13:12:02","menu_order":0,"mime_type":"image\/jpeg","type":"image","subtype":"jpeg","icon":"https:\/\/victoriaarduino.com\/wp-includes\/images\/media\/default.png","width":800,"height":1012,"sizes":{"thumbnail":"https:\/\/victoriaarduino.com\/wp-content\/uploads\/2025\/05\/mythos-nero-dx-MY75@2x-150x150.jpg","thumbnail-width":150,"thumbnail-height":150,"medium":"https:\/\/victoriaarduino.com\/wp-content\/uploads\/2025\/05\/mythos-nero-dx-MY75@2x-237x300.jpg","medium-width":237,"medium-height":300,"medium_large":"https:\/\/victoriaarduino.com\/wp-content\/uploads\/2025\/05\/mythos-nero-dx-MY75@2x-768x972.jpg","medium_large-width":768,"medium_large-height":972,"large":"https:\/\/victoriaarduino.com\/wp-content\/uploads\/2025\/05\/mythos-nero-dx-MY75@2x.jpg","large-width":800,"large-height":1012,"1536x1536":"https:\/\/victoriaarduino.com\/wp-content\/uploads\/2025\/05\/mythos-nero-dx-MY75@2x.jpg","1536x1536-width":800,"1536x1536-height":1012,"2048x2048":"https:\/\/victoriaarduino.com\/wp-content\/uploads\/2025\/05\/mythos-nero-dx-MY75@2x.jpg","2048x2048-width":800,"2048x2048-height":1012}},"home_products_section_title":"PRODUITS EMBL\u00c9MATIQUES","home_products_title":"N\u00e9s pour \u00eatre des h\u00e9ros","home_legends_title":"Le Mythos devient une l\u00e9gende","home_stories_title":"Nouvelles du monde","home_feed_section_title":"PR\u00c9SENCE SOCIALE","home_global_section_title":"PR\u00c9SENCE MONDIALE","home_global_title":"Gr\u00e2ce \u00e0 un solide r\u00e9seau mondial, nous restons proches des communaut\u00e9s du caf\u00e9 dans le monde entier.","home_brand_banner_img":{"ID":4488,"id":4488,"title":"immagine","filename":"immagine.jpg","filesize":312682,"url":"https:\/\/victoriaarduino.com\/wp-content\/uploads\/2025\/05\/immagine.jpg","link":"https:\/\/victoriaarduino.com\/fr\/page-daccueil\/immagine-2\/","alt":"","author":"1","description":"","caption":"","name":"immagine-2","status":"inherit","uploaded_to":5288,"date":"2025-05-16 08:46:32","modified":"2025-06-09 13:12:02","menu_order":0,"mime_type":"image\/jpeg","type":"image","subtype":"jpeg","icon":"https:\/\/victoriaarduino.com\/wp-includes\/images\/media\/default.png","width":2500,"height":1487,"sizes":{"thumbnail":"https:\/\/victoriaarduino.com\/wp-content\/uploads\/2025\/05\/immagine-150x150.jpg","thumbnail-width":150,"thumbnail-height":150,"medium":"https:\/\/victoriaarduino.com\/wp-content\/uploads\/2025\/05\/immagine-300x178.jpg","medium-width":300,"medium-height":178,"medium_large":"https:\/\/victoriaarduino.com\/wp-content\/uploads\/2025\/05\/immagine-768x457.jpg","medium_large-width":768,"medium_large-height":457,"large":"https:\/\/victoriaarduino.com\/wp-content\/uploads\/2025\/05\/immagine-1024x609.jpg","large-width":1024,"large-height":609,"1536x1536":"https:\/\/victoriaarduino.com\/wp-content\/uploads\/2025\/05\/immagine-1536x914.jpg","1536x1536-width":1536,"1536x1536-height":914,"2048x2048":"https:\/\/victoriaarduino.com\/wp-content\/uploads\/2025\/05\/immagine-2048x1218.jpg","2048x2048-width":2048,"2048x2048-height":1218}},"home_global_img":{"ID":2824,"id":2824,"title":"Banner design@2x","filename":"Banner-design@2x.webp","filesize":99076,"url":"https:\/\/victoriaarduino.com\/wp-content\/uploads\/2025\/03\/Banner-design@2x.webp","link":"https:\/\/victoriaarduino.com\/fr\/page-daccueil\/banner-design2x-2\/","alt":"","author":"1","description":"","caption":"","name":"banner-design2x-2","status":"inherit","uploaded_to":5288,"date":"2025-03-06 11:17:22","modified":"2025-06-09 13:12:02","menu_order":0,"mime_type":"image\/webp","type":"image","subtype":"webp","icon":"https:\/\/victoriaarduino.com\/wp-includes\/images\/media\/default.png","width":2880,"height":802,"sizes":{"thumbnail":"https:\/\/victoriaarduino.com\/wp-content\/uploads\/2025\/03\/Banner-design@2x-150x150.webp","thumbnail-width":150,"thumbnail-height":150,"medium":"https:\/\/victoriaarduino.com\/wp-content\/uploads\/2025\/03\/Banner-design@2x-300x84.webp","medium-width":300,"medium-height":84,"medium_large":"https:\/\/victoriaarduino.com\/wp-content\/uploads\/2025\/03\/Banner-design@2x-768x214.webp","medium_large-width":768,"medium_large-height":214,"large":"https:\/\/victoriaarduino.com\/wp-content\/uploads\/2025\/03\/Banner-design@2x-1024x285.webp","large-width":1024,"large-height":285,"1536x1536":"https:\/\/victoriaarduino.com\/wp-content\/uploads\/2025\/03\/Banner-design@2x-1536x428.webp","1536x1536-width":1536,"1536x1536-height":428,"2048x2048":"https:\/\/victoriaarduino.com\/wp-content\/uploads\/2025\/03\/Banner-design@2x-2048x570.webp","2048x2048-width":2048,"2048x2048-height":570}},"home_legends_link":{"title":"D\u00e9couvrez l'excellence en mati\u00e8re de broyage  ","url":"https:\/\/victoriaarduino.com\/products-machines\/mythos\/","target":""},"home_global_link":{"title":"Pr\u00e9sence mondiale","url":"\/locations","target":""},"home_legends_description":"<div class=\"comment-li-wrapper _35x2ayZAjh7TZ365Wfcs88 highlight hovered-pin\" data-testid=\"comment-li-wrapper\">\n<div id=\"\/assets\/urn:aaid:sc:US:e40e5206-8c5a-408d-bb66-f1d7b1dea735\/annots\/cb01de8d-4670-4f63-ad9f-c66335054808\" class=\"comment-wrapper\" role=\"comment\">\n<div class=\"comment-content-wrapper\">\n<div class=\"row\">\n<div class=\"comment-text-controls-container\">\n<div class=\"comment-text\">\n<div>Depuis 2013, le moulin \u00e0 caf\u00e9 Mythos de Victoria Arduino est un chef-d&rsquo;\u0153uvre d&rsquo;innovation, con\u00e7u pour red\u00e9finir les normes de pr\u00e9cision et de contr\u00f4le de la mouture du caf\u00e9.<\/div>\n<\/div>\n<\/div>\n<\/div>\n<\/div>\n<\/div>\n<\/div>\n<p>Choisi par les plus grands professionnels du caf\u00e9 et moulin \u00e0 caf\u00e9 officiel du championnat mondial des baristas, il incarne une fiabilit\u00e9 et une performance in\u00e9gal\u00e9es pour ceux qui exigent la perfection.<\/p>\n","home_hero_slider":[{"section_title":"notre marque","title":"Depuis 1905, nous combinons design et technologie pour donner vie \u00e0 votre passion du caf\u00e9 et de l'excellence.","link":{"title":"S'inspirer","url":"https:\/\/victoriaarduino.com\/heritage\/","target":""},"img":false,"video":{"ID":4492,"id":4492,"title":"CLIP VA EO","filename":"CLIP-VA-EO.mp4","filesize":4523778,"url":"https:\/\/victoriaarduino.com\/wp-content\/uploads\/2025\/05\/CLIP-VA-EO.mp4","link":"https:\/\/victoriaarduino.com\/fr\/page-daccueil\/clip-va-eo-2\/","alt":"","author":"2","description":"","caption":"","name":"clip-va-eo-2","status":"inherit","uploaded_to":5288,"date":"2025-05-23 10:59:39","modified":"2025-06-09 13:12:02","menu_order":0,"mime_type":"video\/mp4","type":"video","subtype":"mp4","icon":"https:\/\/victoriaarduino.com\/wp-includes\/images\/media\/video.png","width":960,"height":540}}],"home_products_view_all":"https:\/\/victoriaarduino.com\/fr\/comparer\/"},"yoast_head":"<!-- This site is optimized with the Yoast SEO plugin v27.3 - https:\/\/yoast.com\/product\/yoast-seo-wordpress\/ -->\n<title>Page d&#039;accueil - Victoria Arduino<\/title>\n<meta name=\"description\" content=\"Bienvenue sur la page d&#039;accueil de Victoria Arduino. D\u00e9couvrez les derni\u00e8res innovations et explorez nos produits exclusifs con\u00e7us pour vous surprendre et vous inspirer.\" \/>\n<meta name=\"robots\" content=\"index, follow, max-snippet:-1, max-image-preview:large, max-video-preview:-1\" \/>\n<link rel=\"canonical\" href=\"https:\/\/victoriaarduino.com\/fr\/\" \/>\n<meta property=\"og:locale\" content=\"fr_FR\" \/>\n<meta property=\"og:type\" content=\"article\" \/>\n<meta property=\"og:title\" content=\"Page d&#039;accueil - Victoria Arduino\" \/>\n<meta property=\"og:description\" content=\"Bienvenue sur la page d&#039;accueil de Victoria Arduino. D\u00e9couvrez les derni\u00e8res innovations et explorez nos produits exclusifs con\u00e7us pour vous surprendre et vous inspirer.\" \/>\n<meta property=\"og:url\" content=\"https:\/\/victoriaarduino.com\/fr\/\" \/>\n<meta property=\"og:site_name\" content=\"Victoria Arduino\" \/>\n<meta property=\"article:modified_time\" content=\"2025-08-29T15:22:33+00:00\" \/>\n<meta name=\"twitter:card\" content=\"summary_large_image\" \/>\n<script type=\"application\/ld+json\" class=\"yoast-schema-graph\">{\"@context\":\"https:\\\/\\\/schema.org\",\"@graph\":[{\"@type\":\"WebPage\",\"@id\":\"https:\\\/\\\/victoriaarduino.com\\\/fr\\\/\",\"url\":\"https:\\\/\\\/victoriaarduino.com\\\/fr\\\/\",\"name\":\"Page d'accueil - Victoria Arduino\",\"isPartOf\":{\"@id\":\"https:\\\/\\\/victoriaarduino.com\\\/fr\\\/#website\"},\"datePublished\":\"2025-03-04T09:38:04+00:00\",\"dateModified\":\"2025-08-29T15:22:33+00:00\",\"description\":\"Bienvenue sur la page d'accueil de Victoria Arduino. D\u00e9couvrez les derni\u00e8res innovations et explorez nos produits exclusifs con\u00e7us pour vous surprendre et vous inspirer.\",\"breadcrumb\":{\"@id\":\"https:\\\/\\\/victoriaarduino.com\\\/fr\\\/#breadcrumb\"},\"inLanguage\":\"fr-FR\",\"potentialAction\":[{\"@type\":\"ReadAction\",\"target\":[\"https:\\\/\\\/victoriaarduino.com\\\/fr\\\/\"]}]},{\"@type\":\"BreadcrumbList\",\"@id\":\"https:\\\/\\\/victoriaarduino.com\\\/fr\\\/#breadcrumb\",\"itemListElement\":[{\"@type\":\"ListItem\",\"position\":1,\"name\":\"Accueil\",\"item\":\"https:\\\/\\\/victoriaarduino.com\\\/fr\\\/page-daccueil\\\/\"},{\"@type\":\"ListItem\",\"position\":2,\"name\":\"Page d&rsquo;accueil\"}]},{\"@type\":\"WebSite\",\"@id\":\"https:\\\/\\\/victoriaarduino.com\\\/fr\\\/#website\",\"url\":\"https:\\\/\\\/victoriaarduino.com\\\/fr\\\/\",\"name\":\"Victoria Arduino\",\"description\":\"\",\"potentialAction\":[{\"@type\":\"SearchAction\",\"target\":{\"@type\":\"EntryPoint\",\"urlTemplate\":\"https:\\\/\\\/victoriaarduino.com\\\/fr\\\/?s={search_term_string}\"},\"query-input\":{\"@type\":\"PropertyValueSpecification\",\"valueRequired\":true,\"valueName\":\"search_term_string\"}}],\"inLanguage\":\"fr-FR\"}]}<\/script>\n<!-- \/ Yoast SEO plugin. -->","yoast_head_json":{"title":"Page d'accueil - Victoria Arduino","description":"Bienvenue sur la page d'accueil de Victoria Arduino. D\u00e9couvrez les derni\u00e8res innovations et explorez nos produits exclusifs con\u00e7us pour vous surprendre et vous inspirer.","robots":{"index":"index","follow":"follow","max-snippet":"max-snippet:-1","max-image-preview":"max-image-preview:large","max-video-preview":"max-video-preview:-1"},"canonical":"https:\/\/victoriaarduino.com\/fr\/","og_locale":"fr_FR","og_type":"article","og_title":"Page d'accueil - Victoria Arduino","og_description":"Bienvenue sur la page d'accueil de Victoria Arduino. D\u00e9couvrez les derni\u00e8res innovations et explorez nos produits exclusifs con\u00e7us pour vous surprendre et vous inspirer.","og_url":"https:\/\/victoriaarduino.com\/fr\/","og_site_name":"Victoria Arduino","article_modified_time":"2025-08-29T15:22:33+00:00","twitter_card":"summary_large_image","schema":{"@context":"https:\/\/schema.org","@graph":[{"@type":"WebPage","@id":"https:\/\/victoriaarduino.com\/fr\/","url":"https:\/\/victoriaarduino.com\/fr\/","name":"Page d'accueil - Victoria Arduino","isPartOf":{"@id":"https:\/\/victoriaarduino.com\/fr\/#website"},"datePublished":"2025-03-04T09:38:04+00:00","dateModified":"2025-08-29T15:22:33+00:00","description":"Bienvenue sur la page d'accueil de Victoria Arduino. D\u00e9couvrez les derni\u00e8res innovations et explorez nos produits exclusifs con\u00e7us pour vous surprendre et vous inspirer.","breadcrumb":{"@id":"https:\/\/victoriaarduino.com\/fr\/#breadcrumb"},"inLanguage":"fr-FR","potentialAction":[{"@type":"ReadAction","target":["https:\/\/victoriaarduino.com\/fr\/"]}]},{"@type":"BreadcrumbList","@id":"https:\/\/victoriaarduino.com\/fr\/#breadcrumb","itemListElement":[{"@type":"ListItem","position":1,"name":"Accueil","item":"https:\/\/victoriaarduino.com\/fr\/page-daccueil\/"},{"@type":"ListItem","position":2,"name":"Page d&rsquo;accueil"}]},{"@type":"WebSite","@id":"https:\/\/victoriaarduino.com\/fr\/#website","url":"https:\/\/victoriaarduino.com\/fr\/","name":"Victoria Arduino","description":"","potentialAction":[{"@type":"SearchAction","target":{"@type":"EntryPoint","urlTemplate":"https:\/\/victoriaarduino.com\/fr\/?s={search_term_string}"},"query-input":{"@type":"PropertyValueSpecification","valueRequired":true,"valueName":"search_term_string"}}],"inLanguage":"fr-FR"}]}},"_links":{"self":[{"href":"https:\/\/victoriaarduino.com\/fr\/wp-json\/wp\/v2\/pages\/5288","targetHints":{"allow":["GET"]}}],"collection":[{"href":"https:\/\/victoriaarduino.com\/fr\/wp-json\/wp\/v2\/pages"}],"about":[{"href":"https:\/\/victoriaarduino.com\/fr\/wp-json\/wp\/v2\/types\/page"}],"author":[{"embeddable":true,"href":"https:\/\/victoriaarduino.com\/fr\/wp-json\/wp\/v2\/users\/1"}],"replies":[{"embeddable":true,"href":"https:\/\/victoriaarduino.com\/fr\/wp-json\/wp\/v2\/comments?post=5288"}],"version-history":[{"count":1,"href":"https:\/\/victoriaarduino.com\/fr\/wp-json\/wp\/v2\/pages\/5288\/revisions"}],"predecessor-version":[{"id":8083,"href":"https:\/\/victoriaarduino.com\/fr\/wp-json\/wp\/v2\/pages\/5288\/revisions\/8083"}],"wp:attachment":[{"href":"https:\/\/victoriaarduino.com\/fr\/wp-json\/wp\/v2\/media?parent=5288"}],"curies":[{"name":"wp","href":"https:\/\/api.w.org\/{rel}","templated":true}]}}